{"id":883,"date":"2021-11-14T17:27:31","date_gmt":"2021-11-14T16:27:31","guid":{"rendered":"http:\/\/zsp5.zory.pl\/?page_id=883"},"modified":"2021-11-14T17:27:31","modified_gmt":"2021-11-14T16:27:31","slug":"o-grupie1_biedronki","status":"publish","type":"page","link":"https:\/\/zsp5.zory.pl\/?page_id=883","title":{"rendered":"O grupie1_biedronki"},"content":{"rendered":"<p>[et_pb_section fb_built=&#8221;1&#8243; admin_label=&#8221;Our Mission&#8221; _builder_version=&#8221;3.22&#8243; use_background_color_gradient=&#8221;on&#8221; background_color_gradient_start=&#8221;rgba(233,239,243,0)&#8221; background_color_gradient_end=&#8221;#e9eff3&#8243; background_image=&#8221;http:\/\/zsp5.zory.pl\/wp-content\/uploads\/2021\/11\/shapes-bg-color.png&#8221; parallax=&#8221;on&#8221; custom_padding=&#8221;54px|0px|32px|0px|false|false&#8221; global_colors_info=&#8221;{}&#8221; theme_builder_area=&#8221;post_content&#8221;][et_pb_row admin_label=&#8221;Mission Row&#8221; _builder_version=&#8221;3.25&#8243; locked=&#8221;off&#8221; global_colors_info=&#8221;{}&#8221; theme_builder_area=&#8221;post_content&#8221;][et_pb_column type=&#8221;4_4&#8243; _builder_version=&#8221;3.25&#8243; custom_padding=&#8221;|||&#8221; global_colors_info=&#8221;{}&#8221; custom_padding__hover=&#8221;|||&#8221; theme_builder_area=&#8221;post_content&#8221;][et_pb_blurb title=&#8221;o NAS&#8221; use_icon=&#8221;on&#8221; font_icon=&#8221;&#xe012;||divi||400&#8243; icon_color=&#8221;#2b76df&#8221; image_icon_width=&#8221;32px&#8221; _builder_version=&#8221;4.13.0&#8243; header_font=&#8221;Cabin Sketch|700||on|||||&#8221; header_text_color=&#8221;#ff7355&#8243; header_font_size=&#8221;20px&#8221; header_letter_spacing=&#8221;5px&#8221; header_line_height=&#8221;1.5em&#8221; text_orientation=&#8221;center&#8221; custom_margin=&#8221;||0px|&#8221; icon_font_size=&#8221;32px&#8221; locked=&#8221;off&#8221; global_colors_info=&#8221;{}&#8221; theme_builder_area=&#8221;post_content&#8221;][\/et_pb_blurb][et_pb_text _builder_version=&#8221;4.13.1&#8243; text_font=&#8221;Rubik|500|||||||&#8221; text_font_size=&#8221;16px&#8221; text_line_height=&#8221;2em&#8221; header_font=&#8221;||||||||&#8221; header_2_font=&#8221;Rubik|700|||||||&#8221; header_2_font_size=&#8221;40px&#8221; header_2_line_height=&#8221;1.4em&#8221; header_5_font=&#8221;Rubik|700||on|||||&#8221; header_5_text_color=&#8221;#2b76df&#8221; header_5_letter_spacing=&#8221;5px&#8221; header_5_line_height=&#8221;1.5em&#8221; text_orientation=&#8221;center&#8221; max_width=&#8221;700px&#8221; module_alignment=&#8221;center&#8221; custom_margin=&#8221;|||&#8221; custom_margin_tablet=&#8221;0px|||&#8221; custom_margin_last_edited=&#8221;off|desktop&#8221; hover_enabled=&#8221;0&#8243; text_line_height_last_edited=&#8221;off|desktop&#8221; header_2_font_size_tablet=&#8221;&#8221; header_2_font_size_phone=&#8221;30px&#8221; header_2_font_size_last_edited=&#8221;on|phone&#8221; global_colors_info=&#8221;{}&#8221; theme_builder_area=&#8221;post_content&#8221; sticky_enabled=&#8221;0&#8243;]<\/p>\n<h2><span class=\"title\">O GRUPIE BIEDRONKI<\/span><\/h2>\n<p><b>JACY JESTE\u015aMY?<\/b><\/p>\n<p style=\"font-weight: 400; text-align: left;\"><span>Jeste\u015bmy ciekawi \u015bwiata i ka\u017cdego dnia odkrywamy nasze przedszkole, gdzie ch\u0119tnie przychodzimy. Du\u017co czasu po\u015bwi\u0119camy na poznawanie zasad panuj\u0105cych w przedszkolu i staramy si\u0119 ich przestrzega\u0107. Mi\u0142o sp\u0119dzamy czas w naszej sali, bawi\u0105c si\u0119 wsp\u00f3lnie w k\u0105cikach zainteresowa\u0144. Podczas pobytu w przedszkolu rozwijamy umiej\u0119tno\u015bci samoobs\u0142ugowe oraz umiej\u0119tno\u015bci wsp\u00f3\u0142dzia\u0142ania z kolegami podczas zaj\u0119\u0107 i wsp\u00f3lnych zabaw<\/span><span><\/span><\/p>\n<p style=\"font-weight: 400; text-align: left;\"><span>Uwielbiamy ruch i muzyk\u0119 \u2013 \u015bpiewamy, ta\u0144czymy, gramy na r\u00f3\u017cnych instrumentach oraz tworzymy swoje w\u0142asne. Wiele rado\u015bci sprawiaj\u0105 nam zabawy na przedszkolnym placu zabaw oraz spacery po najbli\u017cszej okolicy, dzi\u0119ki kt\u00f3rym poznajemy otaczaj\u0105ce nas \u015brodowisko. Wykonujemy r\u00f3\u017cne prace plastyczne i ch\u0119tnie bierzemy udzia\u0142 w r\u00f3\u017cnych uroczysto\u015bciach przedszkolnych. Po intensywnej pracy i wielu wra\u017ceniach zwi\u0105zanych z odkrywaniem otaczaj\u0105cego nas \u015bwiata ch\u0119tnie odpoczywamy s\u0142uchaj\u0105c bajek, muzyki relaksacyjnej i klasycznej oraz wykorzystujemy r\u00f3\u017cne techniki relaksacyjne.<\/span><\/p>\n<p style=\"font-weight: 400; text-align: center;\"><span><img loading=\"lazy\" decoding=\"async\" src=\"http:\/\/zsp5.zory.pl\/wp-content\/uploads\/2021\/11\/biedronki-300x300.png\" width=\"300\" height=\"300\" alt=\"\" class=\"wp-image-871 alignnone size-medium\" \/><\/span><\/p>\n<p>[\/et_pb_text][\/et_pb_column][\/et_pb_row][\/et_pb_section]<\/p>\n","protected":false},"excerpt":{"rendered":"<p>O GRUPIE BIEDRONKI JACY JESTE\u015aMY? Jeste\u015bmy ciekawi \u015bwiata i ka\u017cdego dnia odkrywamy nasze przedszkole, gdzie ch\u0119tnie przychodzimy. Du\u017co czasu po\u015bwi\u0119camy na poznawanie zasad panuj\u0105cych w przedszkolu i staramy si\u0119 ich przestrzega\u0107. Mi\u0142o sp\u0119dzamy czas w naszej sali, bawi\u0105c si\u0119 wsp\u00f3lnie w k\u0105cikach zainteresowa\u0144. Podczas pobytu w przedszkolu rozwijamy umiej\u0119tno\u015bci samoobs\u0142ugowe oraz umiej\u0119tno\u015bci wsp\u00f3\u0142dzia\u0142ania z kolegami [&hellip;]<\/p>\n","protected":false},"author":2,"featured_media":0,"parent":0,"menu_order":0,"comment_status":"closed","ping_status":"closed","template":"","meta":{"_et_pb_use_builder":"on","_et_pb_old_content":"","_et_gb_content_width":"","_mc_calendar":[],"footnotes":""},"class_list":["post-883","page","type-page","status-publish","hentry"],"_links":{"self":[{"href":"https:\/\/zsp5.zory.pl\/index.php?rest_route=\/wp\/v2\/pages\/883","targetHints":{"allow":["GET"]}}],"collection":[{"href":"https:\/\/zsp5.zory.pl\/index.php?rest_route=\/wp\/v2\/pages"}],"about":[{"href":"https:\/\/zsp5.zory.pl\/index.php?rest_route=\/wp\/v2\/types\/page"}],"author":[{"embeddable":true,"href":"https:\/\/zsp5.zory.pl\/index.php?rest_route=\/wp\/v2\/users\/2"}],"replies":[{"embeddable":true,"href":"https:\/\/zsp5.zory.pl\/index.php?rest_route=%2Fwp%2Fv2%2Fcomments&post=883"}],"version-history":[{"count":2,"href":"https:\/\/zsp5.zory.pl\/index.php?rest_route=\/wp\/v2\/pages\/883\/revisions"}],"predecessor-version":[{"id":887,"href":"https:\/\/zsp5.zory.pl\/index.php?rest_route=\/wp\/v2\/pages\/883\/revisions\/887"}],"wp:attachment":[{"href":"https:\/\/zsp5.zory.pl\/index.php?rest_route=%2Fwp%2Fv2%2Fmedia&parent=883"}],"curies":[{"name":"wp","href":"https:\/\/api.w.org\/{rel}","templated":true}]}}