{"id":848,"date":"2021-11-14T17:05:30","date_gmt":"2021-11-14T16:05:30","guid":{"rendered":"http:\/\/zsp5.zory.pl\/?page_id=848"},"modified":"2025-03-31T21:13:46","modified_gmt":"2025-03-31T19:13:46","slug":"deklaracja-dostepnosci","status":"publish","type":"page","link":"https:\/\/zsp5.zory.pl\/?page_id=848","title":{"rendered":"Deklaracja dost\u0119pno\u015bci"},"content":{"rendered":"<p>[et_pb_section fb_built=&#8221;1&#8243; admin_label=&#8221;Our Mission&#8221; _builder_version=&#8221;4.16&#8243; use_background_color_gradient=&#8221;on&#8221; background_color_gradient_stops=&#8221;rgba(233,239,243,0) 0%|#e9eff3 100%&#8221; background_color_gradient_start=&#8221;rgba(233,239,243,0)&#8221; background_color_gradient_end=&#8221;#e9eff3&#8243; background_image=&#8221;http:\/\/zsp5.zory.pl\/wp-content\/uploads\/2021\/11\/shapes-bg-color.png&#8221; parallax=&#8221;on&#8221; custom_padding=&#8221;54px|0px|32px|0px|false|false&#8221; global_colors_info=&#8221;{}&#8221;][et_pb_row admin_label=&#8221;Mission Row&#8221; _builder_version=&#8221;4.16&#8243; locked=&#8221;off&#8221; global_colors_info=&#8221;{}&#8221;][et_pb_column type=&#8221;4_4&#8243; _builder_version=&#8221;4.16&#8243; custom_padding=&#8221;|||&#8221; global_colors_info=&#8221;{}&#8221; custom_padding__hover=&#8221;|||&#8221;][et_pb_blurb title=&#8221;uwaga&#8221; use_icon=&#8221;on&#8221; font_icon=&#8221;&#xe012;||divi||400&#8243; icon_color=&#8221;#2b76df&#8221; image_icon_width=&#8221;32px&#8221; _builder_version=&#8221;4.16&#8243; header_font=&#8221;Cabin Sketch|700||on|||||&#8221; header_text_color=&#8221;#ff7355&#8243; header_font_size=&#8221;20px&#8221; header_letter_spacing=&#8221;5px&#8221; header_line_height=&#8221;1.5em&#8221; text_orientation=&#8221;center&#8221; custom_margin=&#8221;||0px|&#8221; icon_font_size=&#8221;32px&#8221; locked=&#8221;off&#8221; global_colors_info=&#8221;{}&#8221;][\/et_pb_blurb][et_pb_text _builder_version=&#8221;4.22.2&#8243; text_font=&#8221;|500|||||||&#8221; text_font_size=&#8221;16px&#8221; text_line_height=&#8221;2em&#8221; header_font=&#8221;||||||||&#8221; header_2_font=&#8221;Rubik|700|||||||&#8221; header_2_font_size=&#8221;40px&#8221; header_2_line_height=&#8221;1.4em&#8221; header_5_font=&#8221;Rubik|700||on|||||&#8221; header_5_text_color=&#8221;#2b76df&#8221; header_5_letter_spacing=&#8221;5px&#8221; header_5_line_height=&#8221;1.5em&#8221; text_orientation=&#8221;center&#8221; max_width=&#8221;700px&#8221; module_alignment=&#8221;center&#8221; custom_margin=&#8221;|||&#8221; custom_margin_tablet=&#8221;0px|||&#8221; custom_margin_last_edited=&#8221;off|desktop&#8221; hover_enabled=&#8221;0&#8243; text_line_height_last_edited=&#8221;off|desktop&#8221; header_2_font_size_tablet=&#8221;&#8221; header_2_font_size_phone=&#8221;30px&#8221; header_2_font_size_last_edited=&#8221;on|phone&#8221; global_colors_info=&#8221;{}&#8221; sticky_enabled=&#8221;0&#8243;]<\/p>\n<p style=\"text-align: left;\">Deklaracja dost\u0119pno\u015bci<br \/>Zesp\u00f3\u0142 Szkolno &#8211; Przedszkolny nr 5 w \u017borach zobowi\u0105zuje si\u0119 zapewni\u0107 dost\u0119pno\u015b\u0107<br \/>swojej strony internetowej zgodnie z ustaw\u0105 z dnia 4 kwietnia 2019 r. o dost\u0119pno\u015bci<br \/>cyfrowej stron internetowych i aplikacji mobilnych podmiot\u00f3w publicznych.<br \/>Deklaracja dost\u0119pno\u015bci dotyczy strony http:\/\/zsp5.zory.pl.<br \/>\u25cf Data publikacji strony internetowej: 1 grudnia 2021 r.<br \/>\u25cf Data ostatniej istotnej aktualizacji: 10 grudnia 2024 r.<br \/>Stan dost\u0119pno\u015bci cyfrowej<br \/>Ta strona internetowa jest cz\u0119\u015bciowo zgodna z za\u0142\u0105cznikiem do ustawy o dost\u0119pno\u015bci<br \/>cyfrowej z dnia 4 kwietnia 2019 r. o dost\u0119pno\u015bci cyfrowej stron internetowych i aplikacji<br \/>mobilnych podmiot\u00f3w publicznych z powodu [niezgodno\u015bci i wy\u0142\u0105cze\u0144] wymienionych<br \/>poni\u017cej.<br \/>Dokumenty archiwalne opublikowane na stronie przed 23 wrze\u015bnia 2018 r. nie s\u0105<br \/>dost\u0119pne. Nie mamy prawnego obowi\u0105zku dostosowywania tych dokument\u00f3w. Je\u017celi<br \/>potrzebujesz dost\u0119pu do nich skontaktuj si\u0119 z nami i wska\u017c dok\u0142adnie, o kt\u00f3re z nich Ci<br \/>chodzi i jak powinni\u015bmy je dostosowa\u0107.<\/p>\n<p style=\"text-align: left;\">Niedost\u0119pne tre\u015bci<br \/>W cz\u0119\u015bci film\u00f3w nie ma napis\u00f3w dla os\u00f3b nies\u0142ysz\u0105cych i G\u0142uchych. Do film\u00f3w<br \/>sprzed 23 wrze\u015bnia 2020 r. planujemy doda\u0107 napisy do ko\u0144ca 2025 r.<br \/>Plany likwidacji b\u0142\u0119d\u00f3w dost\u0119pno\u015bci cyfrowej<br \/>Planujemy przed ko\u0144cem 2025 przebudowa\u0107 stron\u0119. Podczas przebudowy<br \/>zamierzamy zlikwidowa\u0107 wszystkie b\u0142\u0119dy dost\u0119pno\u015bci cyfrowej, o kt\u00f3rych mowa<br \/>powy\u017cej.<br \/>Przygotowanie deklaracji dost\u0119pno\u015bci<br \/>\u25cf Data sporz\u0105dzenia deklaracji: 10 grudnia 2024 r.<br \/>\u25cf Data ostatniego przegl\u0105du deklaracji: 10 grudnia 2024 r.<br \/>Deklaracj\u0119 sporz\u0105dzili\u015bmy na podstawie samooceny w oparciu o List\u0119 kontroln\u0105 do<br \/>badania dost\u0119pno\u015bci cyfrowej strony internetowej v. 2.2 (docx, 0,12MB).<br \/>Informacje zwrotne i dane kontaktowe<br \/>Wszystkie problemy z dost\u0119pno\u015bci\u0105 cyfrow\u0105 tej strony internetowej mo\u017cesz zg\u0142osi\u0107 do<br \/>Beata Petlakowska &#8211; meilowo sekretariat@zsp5zory.pl lub telefonicznie 32 43 53 677<br \/>wew.14.<br \/>Ka\u017cdy ma prawo wyst\u0105pi\u0107 z \u017c\u0105daniem zapewnienia dost\u0119pno\u015bci cyfrowej tej strony<br \/>internetowej lub jej element\u00f3w.<br \/>Zg\u0142aszaj\u0105c takie \u017c\u0105danie podaj:<\/p>\n<p style=\"text-align: left;\">\u25cf swoje imi\u0119 i nazwisko,<br \/>\u25cf swoje dane kontaktowe (np. numer telefonu, e-mail),<br \/>\u25cf dok\u0142adny adres strony internetowej, na kt\u00f3rej jest niedost\u0119pny cyfrowo element lub<br \/>tre\u015b\u0107,<br \/>\u25cf opis na czym polega problem i jaki spos\u00f3b jego rozwi\u0105zania by\u0142by dla Ciebie<br \/>najwygodniejszy.<br \/>Na Twoje zg\u0142oszenie odpowiemy najszybciej jak to mo\u017cliwe, nie p\u00f3\u017aniej ni\u017c w ci\u0105gu 7 dni<br \/>od jego otrzymania.<br \/>Je\u017celi ten termin b\u0119dzie dla nas zbyt kr\u00f3tki poinformujemy Ci\u0119 o tym. W tej informacji<br \/>podamy nowy termin, do kt\u00f3rego poprawimy zg\u0142oszone przez Ciebie b\u0142\u0119dy lub<br \/>przygotujemy informacje w alternatywny spos\u00f3b. Ten nowy termin nie b\u0119dzie d\u0142u\u017cszy ni\u017c 2<br \/>miesi\u0105ce.<br \/>Je\u017celi nie b\u0119dziemy w stanie zapewni\u0107 dost\u0119pno\u015bci cyfrowej strony internetowej lub tre\u015bci,<br \/>wskazanej w Twoim \u017c\u0105daniu, zaproponujemy Ci dost\u0119p do nich w alternatywny spos\u00f3b.<br \/>Obs\u0142uga wniosk\u00f3w i skarg zwi\u0105zanych z dost\u0119pno\u015bci\u0105<br \/>Je\u017celi w odpowiedzi na Tw\u00f3j wniosek o zapewnienie dost\u0119pno\u015bci cyfrowej, odm\u00f3wimy<br \/>zapewnienia \u017c\u0105danej przez Ciebie dost\u0119pno\u015bci cyfrowej, a Ty nie zgadzasz si\u0119 z t\u0105<br \/>odmow\u0105, masz prawo z\u0142o\u017cy\u0107 skarg\u0119.<br \/>Skarg\u0119 masz prawo z\u0142o\u017cy\u0107 tak\u017ce, je\u015bli nie zgadzasz si\u0119 na skorzystanie z alternatywnego<br \/>sposobu dost\u0119pu, kt\u00f3ry zaproponowali\u015bmy Ci w odpowiedzi na Tw\u00f3j wniosek o<br \/>zapewnienie dost\u0119pno\u015bci cyfrowej.<br \/>Ewentualn\u0105 skarg\u0119 z\u0142\u00f3\u017c listownie lub mailem do dyrektora plac\u00f3wki:<br \/>\u25cf mgr Renata Ga\u0142u\u017cna &#8211; Dyrektor Zespo\u0142u Szkolno &#8211; Przedszkolnego nr 5 w \u017borach,<br \/>\u25cf Adres: ul. Stra\u017cacka 6, 43-240 \u017bory,<br \/>\u25cf meil: sekretariat@zsp5zory.pl.<br \/>Pomocne mog\u0105 by\u0107 informacje, kt\u00f3re mo\u017cna znale\u017a\u0107 na rz\u0105dowym portalu gov.pl.<br \/>Mo\u017cesz tak\u017ce poinformowa\u0107 o tej sytuacji Rzecznika Praw Obywatelskich i poprosi\u0107 o<br \/>interwencj\u0119 w Twojej sprawie.<br \/>Aplikacje mobilne<br \/>Podmiot nie posiada aplikacji mobilnych.<\/p>\n<p style=\"text-align: left;\">Pozosta\u0142e informacje<br \/>Dost\u0119pno\u015b\u0107 architektoniczna<br \/>Zesp\u00f3\u0142 Szkolno &#8211; Przedszkolny nr 5 w \u017borach<br \/>Stra\u017cacka 6<br \/>44-240 \u017bory<br \/>Parking znajduje si\u0119 przy ul. Stra\u017cackiej 6, jest bezp\u0142atny. Na parkingu znajduje si\u0119 1<br \/>miejsce przeznaczone dla os\u00f3b niepe\u0142nosprawnych, pomalowane na niebiesko i<br \/>prawid\u0142owo oznakowane.<\/p>\n<p style=\"text-align: left;\">Do budynku prowadz\u0105 2 wej\u015bcia od ul. Stra\u017cackiej, nad kt\u00f3rym znajduje si\u0119 opis: Szko\u0142a<br \/>Podstawowa nr 5 w Zespole Szkolno &#8211; Przedszkolnym nr 5 w \u017borach oraz Przedszkole nr<br \/>12 w Zespole Szkolno &#8211; Przedszkolnym nr 5 w \u017borach. Wej\u015bcie do budynku jest z poziomu<br \/>gruntu. Nie ma przeszk\u00f3d, by wjecha\u0107 na w\u00f3zku. Drzwi otwieraj\u0105 si\u0119 na zewn\u0105trz i nale\u017cy<br \/>otworzy\u0107 je r\u0119cznie. Otworzenie drzwi nie wymaga du\u017cej si\u0142y. Drzwi maj\u0105 wygodn\u0105 i<br \/>ergonomiczn\u0105 klamk\u0119. Szeroko\u015b\u0107 otworu wej\u015bciowego wynosi 110 centymetr\u00f3w. Przy<br \/>wej\u015bciu g\u0142\u00f3wnym do Szko\u0142y Podstawowej nr 5 w \u017borach &#8211; wiatro\u0142apie znajduje si\u0119 portier<br \/>oraz tablica z informacj\u0105 o rozmieszczeniu pomieszcze\u0144. W pomieszczeniu zamieszczony<br \/>jest dzwonek. Do plac\u00f3wki mo\u017cna przyj\u015b\u0107 z psem asystuj\u0105cym lub psem przewodnikiem.<br \/>Zapewniamy wod\u0119 dla zwierzaka.<br \/>W Szkole Podstawowej nr 5 w \u017borach dla os\u00f3b na w\u00f3zkach dost\u0119pny jest tylko korytarz i<br \/>pomieszczenia na parterze. Do cz\u0119\u015bci korytarza prowadz\u0105 schody. Cz\u0119\u015b\u0107 korytarzy nie<br \/>jest dost\u0119pna dla os\u00f3b poruszaj\u0105cych si\u0119 na w\u00f3zkach.<br \/>W Przedszkolu nr 12 w \u017borach dla os\u00f3b na w\u00f3zkach dost\u0119pny jest korytarz oraz<br \/>pomieszczenia na parterze. Mo\u017cna r\u00f3wnie\u017c skorzysta\u0107 z windy. Drzwi windy otwieraj\u0105 si\u0119<br \/>automatycznie.<br \/>Toaleta dla os\u00f3b z niepe\u0142nosprawno\u015bci\u0105 znajduje si\u0119 na parterze w Przedszkolu nr 12 w<br \/>\u017borach. Na \u015bcianach s\u0105 zamontowane por\u0119cze.<br \/>Punkt obs\u0142ugi &#8211; sekretariat znajduje si\u0119 na I pi\u0119trze budynku. Zapewnienie komunikacji z<br \/>Zespo\u0142em Szkolno-Przedszkolnym nr 5 w \u017borach na wniosek osoby ze szczeg\u00f3lnymi<br \/>potrzebami w formie okre\u015blonej w tym wniosku \u2013 pracownik schodzi do klienta po<br \/>zawiadomieniu przez osob\u0119 wnioskuj\u0105c\u0105 lub bezpo\u015brednio przez pracownika informacji o<br \/>konieczno\u015bci obs\u0142ugi klienta z niepe\u0142nosprawno\u015bci\u0105 ruchow\u0105 przy wej\u015bciu do budynku.<br \/>Dost\u0119pno\u015b\u0107 komunikacyjno-informacyjna<br \/>Szko\u0142a nie posiada udogodnie\u0144 dla os\u00f3b niedos\u0142ysz\u0105cych. W budynku nie ma p\u0119tli<br \/>indukcyjnych.<br \/>Nie ma mo\u017cliwo\u015bci skorzystania z t\u0142umacza j\u0119zyka migowego online. Istnieje mo\u017cliwo\u015b\u0107<br \/>skorzystania z t\u0142umacza migowego na miejscu, jednak powy\u017cej 3 dni roboczych od<br \/>zg\u0142oszenia takiej potrzeby.<br \/>Aktualny raport z zapewnienia dost\u0119pno\u015bci: https:\/\/zsp5zory.bip.net.pl\/ <a href=\"http:\/\/zsp5.zory.pl\/wp-content\/uploads\/2025\/03\/Raport-o-stanie-zapewnienia-dostepnosci-ZSP-nr-5-w-Zorach.pdf\">do pobrania tutaj\u00a0<\/a><\/p>\n<p>[\/et_pb_text][\/et_pb_column][\/et_pb_row][\/et_pb_section]<\/p>\n","protected":false},"excerpt":{"rendered":"<p>Deklaracja dost\u0119pno\u015bciZesp\u00f3\u0142 Szkolno &#8211; Przedszkolny nr 5 w \u017borach zobowi\u0105zuje si\u0119 zapewni\u0107 dost\u0119pno\u015b\u0107swojej strony internetowej zgodnie z ustaw\u0105 z dnia 4 kwietnia 2019 r. o dost\u0119pno\u015bcicyfrowej stron internetowych i aplikacji mobilnych podmiot\u00f3w publicznych.Deklaracja dost\u0119pno\u015bci dotyczy strony http:\/\/zsp5.zory.pl.\u25cf Data publikacji strony internetowej: 1 grudnia 2021 r.\u25cf Data ostatniej istotnej aktualizacji: 10 grudnia 2024 r.Stan dost\u0119pno\u015bci cyfrowejTa [&hellip;]<\/p>\n","protected":false},"author":2,"featured_media":0,"parent":0,"menu_order":0,"comment_status":"closed","ping_status":"closed","template":"","meta":{"_et_pb_use_builder":"on","_et_pb_old_content":"","_et_gb_content_width":"","_mc_calendar":[],"footnotes":""},"class_list":["post-848","page","type-page","status-publish","hentry"],"_links":{"self":[{"href":"https:\/\/zsp5.zory.pl\/index.php?rest_route=\/wp\/v2\/pages\/848","targetHints":{"allow":["GET"]}}],"collection":[{"href":"https:\/\/zsp5.zory.pl\/index.php?rest_route=\/wp\/v2\/pages"}],"about":[{"href":"https:\/\/zsp5.zory.pl\/index.php?rest_route=\/wp\/v2\/types\/page"}],"author":[{"embeddable":true,"href":"https:\/\/zsp5.zory.pl\/index.php?rest_route=\/wp\/v2\/users\/2"}],"replies":[{"embeddable":true,"href":"https:\/\/zsp5.zory.pl\/index.php?rest_route=%2Fwp%2Fv2%2Fcomments&post=848"}],"version-history":[{"count":12,"href":"https:\/\/zsp5.zory.pl\/index.php?rest_route=\/wp\/v2\/pages\/848\/revisions"}],"predecessor-version":[{"id":1086252,"href":"https:\/\/zsp5.zory.pl\/index.php?rest_route=\/wp\/v2\/pages\/848\/revisions\/1086252"}],"wp:attachment":[{"href":"https:\/\/zsp5.zory.pl\/index.php?rest_route=%2Fwp%2Fv2%2Fmedia&parent=848"}],"curies":[{"name":"wp","href":"https:\/\/api.w.org\/{rel}","templated":true}]}}