{"id":795,"date":"2021-11-14T16:41:44","date_gmt":"2021-11-14T15:41:44","guid":{"rendered":"http:\/\/zsp5.zory.pl\/?page_id=795"},"modified":"2024-10-22T12:18:56","modified_gmt":"2024-10-22T10:18:56","slug":"glowna_zespol","status":"publish","type":"page","link":"https:\/\/zsp5.zory.pl\/","title":{"rendered":"G\u0142\u00f3wna_Zesp\u00f3\u0142"},"content":{"rendered":"<p>[et_pb_section fb_built=&#8221;1&#8243; fullwidth=&#8221;on&#8221; _builder_version=&#8221;4.18.0&#8243; _module_preset=&#8221;default&#8221; animation_style=&#8221;slide&#8221; animation_direction=&#8221;right&#8221; animation_duration=&#8221;350ms&#8221; animation_delay=&#8221;900ms&#8221; global_colors_info=&#8221;{}&#8221;][et_pb_fullwidth_slider show_content_on_mobile=&#8221;off&#8221; show_cta_on_mobile=&#8221;off&#8221; _builder_version=&#8221;4.22.2&#8243; _module_preset=&#8221;default&#8221; header_font=&#8221;Rubik|||on|||||&#8221; header_font_size=&#8221;27px&#8221; background_image=&#8221;http:\/\/zsp5.zory.pl\/wp-content\/uploads\/2022\/10\/IMG-4217-scaled.jpg&#8221; content_width=&#8221;100%&#8221; custom_margin=&#8221;||||false|false&#8221; custom_padding=&#8221;5%||||false|false&#8221; auto=&#8221;on&#8221; hover_transition_duration=&#8221;50ms&#8221; hover_enabled=&#8221;0&#8243; global_colors_info=&#8221;{}&#8221; sticky_enabled=&#8221;0&#8243;][et_pb_slide _builder_version=&#8221;4.18.0&#8243; _module_preset=&#8221;default&#8221; background_image=&#8221;http:\/\/zsp5.zory.pl\/wp-content\/uploads\/2022\/10\/IMG-4222-scaled.jpg&#8221; background_enable_image=&#8221;on&#8221; global_colors_info=&#8221;{}&#8221; sticky_transition=&#8221;on&#8221;][\/et_pb_slide][et_pb_slide heading=&#8221;STRONA PRZEDSZKOLA NR 12&#8243; button_text=&#8221;przejd\u017a na stron\u0119 przedszkola nr 12&#8243; button_link=&#8221;http:\/\/zsp5.zory.pl\/?page_id=687&#8243; use_bg_overlay=&#8221;on&#8221; _builder_version=&#8221;4.22.2&#8243; _module_preset=&#8221;default&#8221; header_text_color=&#8221;#FFFFFF&#8221; header_font_size=&#8221;27px&#8221; body_text_align=&#8221;left&#8221; body_font_size=&#8221;19px&#8221; background_image=&#8221;http:\/\/zsp5.zory.pl\/wp-content\/uploads\/2024\/10\/plac_zabaw_tlo.jpg&#8221; background_enable_image=&#8221;on&#8221; global_colors_info=&#8221;{}&#8221; sticky_transition=&#8221;on&#8221;]<\/p>\n<p>Zapraszamy na dedykowan\u0105 podstron\u0119 Przedszkola nr 12 w \u017borach. Znajduj\u0105 si\u0119 tam wszystkie najwa\u017cniejsze informacje dla rodzic\u00f3w wychowank\u00f3w naszego przedszkola.<\/p>\n<p>[\/et_pb_slide][et_pb_slide heading=&#8221;STRONA SZKO\u0141Y PODSTAWOWEJ NR 5&#8243; button_text=&#8221;przejd\u017a na stron\u0119 szko\u0142y podstawowej nr 5&#8243; button_link=&#8221;http:\/\/zsp5.zory.pl\/?page_id=1752&#8243; _builder_version=&#8221;4.18.0&#8243; _module_preset=&#8221;default&#8221; background_image=&#8221;http:\/\/zsp5.zory.pl\/wp-content\/uploads\/2022\/10\/IMG-4202-1-scaled.jpg&#8221; background_enable_image=&#8221;on&#8221; global_colors_info=&#8221;{}&#8221; sticky_transition=&#8221;on&#8221;]<\/p>\n<p>Zapraszamy na dedykowan\u0105 stron\u0119 Szko\u0142y Podstawowej nr 5 w \u017borach. Na tej podstronie znajduj\u0105 si\u0119 wszystkie niezb\u0119dne uczniom i rodzicom informacje o naszej plac\u00f3wce. Najnowsze wiadomo\u015bci, program nauczania, godziny dost\u0119pno\u015bci nauczycieli, plan pracy \u015bwietlicy i biblioteki, realizowane projety i wiele wiele wi\u0119cej. Zapraszamy!<\/p>\n<p>[\/et_pb_slide][et_pb_slide _builder_version=&#8221;4.18.0&#8243; _module_preset=&#8221;default&#8221; background_image=&#8221;http:\/\/zsp5.zory.pl\/wp-content\/uploads\/2022\/10\/IMG-4219-scaled.jpg&#8221; background_enable_image=&#8221;on&#8221; global_colors_info=&#8221;{}&#8221; sticky_transition=&#8221;on&#8221;][\/et_pb_slide][et_pb_slide _builder_version=&#8221;4.18.0&#8243; _module_preset=&#8221;default&#8221; background_image=&#8221;http:\/\/zsp5.zory.pl\/wp-content\/uploads\/2022\/10\/IMG-4220-scaled.jpg&#8221; background_enable_image=&#8221;on&#8221; global_colors_info=&#8221;{}&#8221; sticky_transition=&#8221;on&#8221;][\/et_pb_slide][et_pb_slide _builder_version=&#8221;4.18.0&#8243; _module_preset=&#8221;default&#8221; background_image=&#8221;http:\/\/zsp5.zory.pl\/wp-content\/uploads\/2022\/10\/IMG-4210-1-scaled.jpg&#8221; background_enable_image=&#8221;on&#8221; global_colors_info=&#8221;{}&#8221; sticky_transition=&#8221;on&#8221;][\/et_pb_slide][et_pb_slide _builder_version=&#8221;4.18.0&#8243; _module_preset=&#8221;default&#8221; background_image=&#8221;http:\/\/zsp5.zory.pl\/wp-content\/uploads\/2022\/10\/IMG-4233-scaled.jpg&#8221; background_enable_image=&#8221;on&#8221; global_colors_info=&#8221;{}&#8221; sticky_transition=&#8221;on&#8221;][\/et_pb_slide][et_pb_slide _builder_version=&#8221;4.18.0&#8243; _module_preset=&#8221;default&#8221; background_image=&#8221;http:\/\/zsp5.zory.pl\/wp-content\/uploads\/2022\/10\/IMG-4246-scaled.jpg&#8221; background_enable_image=&#8221;on&#8221; global_colors_info=&#8221;{}&#8221; sticky_transition=&#8221;on&#8221;][\/et_pb_slide][et_pb_slide _builder_version=&#8221;4.22.2&#8243; _module_preset=&#8221;default&#8221; background_image=&#8221;http:\/\/zsp5.zory.pl\/wp-content\/uploads\/2024\/10\/plac_zabaw.jpeg&#8221; background_enable_image=&#8221;on&#8221; global_colors_info=&#8221;{}&#8221; sticky_transition=&#8221;on&#8221;][\/et_pb_slide][et_pb_slide _builder_version=&#8221;4.22.2&#8243; _module_preset=&#8221;default&#8221; background_image=&#8221;http:\/\/zsp5.zory.pl\/wp-content\/uploads\/2024\/10\/stopsmile_pop.jpg&#8221; background_enable_image=&#8221;on&#8221; global_colors_info=&#8221;{}&#8221; sticky_transition=&#8221;on&#8221;][\/et_pb_slide][et_pb_slide _builder_version=&#8221;4.22.2&#8243; _module_preset=&#8221;default&#8221; background_image=&#8221;http:\/\/zsp5.zory.pl\/wp-content\/uploads\/2024\/10\/WhatsApp-Image-2024-10-21-at-08.30.387.jpeg&#8221; background_enable_image=&#8221;on&#8221; global_colors_info=&#8221;{}&#8221; sticky_transition=&#8221;on&#8221;][\/et_pb_slide][et_pb_slide _builder_version=&#8221;4.22.2&#8243; _module_preset=&#8221;default&#8221; background_image=&#8221;http:\/\/zsp5.zory.pl\/wp-content\/uploads\/2024\/10\/boisko_pop.jpg&#8221; background_enable_image=&#8221;on&#8221; global_colors_info=&#8221;{}&#8221; sticky_transition=&#8221;on&#8221;][\/et_pb_slide][et_pb_slide _builder_version=&#8221;4.22.2&#8243; _module_preset=&#8221;default&#8221; background_image=&#8221;http:\/\/zsp5.zory.pl\/wp-content\/uploads\/2024\/10\/korytarz_pop.jpg&#8221; background_enable_image=&#8221;on&#8221; global_colors_info=&#8221;{}&#8221; sticky_transition=&#8221;on&#8221;][\/et_pb_slide][et_pb_slide _builder_version=&#8221;4.22.2&#8243; _module_preset=&#8221;default&#8221; background_image=&#8221;http:\/\/zsp5.zory.pl\/wp-content\/uploads\/2024\/10\/szachy_pop.jpg&#8221; background_enable_image=&#8221;on&#8221; global_colors_info=&#8221;{}&#8221; sticky_transition=&#8221;on&#8221;][\/et_pb_slide][et_pb_slide _builder_version=&#8221;4.22.2&#8243; _module_preset=&#8221;default&#8221; title_text=&#8221;boisko_2bok&#8221; background_image=&#8221;http:\/\/zsp5.zory.pl\/wp-content\/uploads\/2024\/10\/boisko_2bok.jpg&#8221; background_enable_image=&#8221;on&#8221; hover_enabled=&#8221;0&#8243; sticky_enabled=&#8221;0&#8243;][\/et_pb_slide][et_pb_slide _builder_version=&#8221;4.22.2&#8243; _module_preset=&#8221;default&#8221; title_text=&#8221;korytarz_sekretariat&#8221; background_image=&#8221;http:\/\/zsp5.zory.pl\/wp-content\/uploads\/2024\/10\/korytarz_sekretariat.jpg&#8221; background_enable_image=&#8221;on&#8221; hover_enabled=&#8221;0&#8243; sticky_enabled=&#8221;0&#8243;][\/et_pb_slide][et_pb_slide _builder_version=&#8221;4.22.2&#8243; _module_preset=&#8221;default&#8221; title_text=&#8221;sciana&#8221; background_image=&#8221;http:\/\/zsp5.zory.pl\/wp-content\/uploads\/2024\/10\/sciana.jpg&#8221; background_enable_image=&#8221;on&#8221; hover_enabled=&#8221;0&#8243; sticky_enabled=&#8221;0&#8243;][\/et_pb_slide][et_pb_slide _builder_version=&#8221;4.22.2&#8243; _module_preset=&#8221;default&#8221; title_text=&#8221;szkola_bok&#8221; background_image=&#8221;http:\/\/zsp5.zory.pl\/wp-content\/uploads\/2024\/10\/szkola_bok.jpg&#8221; background_enable_image=&#8221;on&#8221; hover_enabled=&#8221;0&#8243; sticky_enabled=&#8221;0&#8243;][\/et_pb_slide][et_pb_slide _builder_version=&#8221;4.22.2&#8243; _module_preset=&#8221;default&#8221; title_text=&#8221;gabinet1&#8243; background_image=&#8221;http:\/\/zsp5.zory.pl\/wp-content\/uploads\/2024\/10\/gabinet1.jpeg&#8221; background_enable_image=&#8221;on&#8221; hover_enabled=&#8221;0&#8243; sticky_enabled=&#8221;0&#8243;][\/et_pb_slide][et_pb_slide _builder_version=&#8221;4.22.2&#8243; _module_preset=&#8221;default&#8221; title_text=&#8221;gabinet&#8221; background_image=&#8221;http:\/\/zsp5.zory.pl\/wp-content\/uploads\/2024\/10\/gabinet.jpeg&#8221; background_enable_image=&#8221;on&#8221; hover_enabled=&#8221;0&#8243; sticky_enabled=&#8221;0&#8243;][\/et_pb_slide][et_pb_slide _builder_version=&#8221;4.22.2&#8243; _module_preset=&#8221;default&#8221; title_text=&#8221;plac_zabaw2_pociag&#8221; background_image=&#8221;http:\/\/zsp5.zory.pl\/wp-content\/uploads\/2024\/10\/plac_zabaw2_pociag.jpg&#8221; background_enable_image=&#8221;on&#8221; hover_enabled=&#8221;0&#8243; sticky_enabled=&#8221;0&#8243;][\/et_pb_slide][\/et_pb_fullwidth_slider][\/et_pb_section][et_pb_section fb_built=&#8221;1&#8243; admin_label=&#8221;Our Mission&#8221; _builder_version=&#8221;4.18.0&#8243; use_background_color_gradient=&#8221;on&#8221; background_color_gradient_stops=&#8221;rgba(233,239,243,0) 0%|#e9eff3 100%&#8221; background_color_gradient_start=&#8221;rgba(233,239,243,0)&#8221; background_color_gradient_end=&#8221;#e9eff3&#8243; background_enable_image=&#8221;off&#8221; parallax=&#8221;on&#8221; custom_padding=&#8221;17px|0px|6px|0px|false|false&#8221; global_colors_info=&#8221;{}&#8221;][et_pb_row column_structure=&#8221;1_4,1_2,1_4&#8243; _builder_version=&#8221;4.18.0&#8243; _module_preset=&#8221;default&#8221; custom_padding=&#8221;15px|||||&#8221; global_colors_info=&#8221;{}&#8221;][et_pb_column type=&#8221;1_4&#8243; _builder_version=&#8221;4.18.0&#8243; _module_preset=&#8221;default&#8221; global_colors_info=&#8221;{}&#8221;][et_pb_image src=&#8221;http:\/\/zsp5.zory.pl\/wp-content\/uploads\/2024\/02\/GRANTY2.png&#8221; title_text=&#8221;GRANTY2&#8243; url=&#8221;@ET-DC@eyJkeW5hbWljIjp0cnVlLCJjb250ZW50IjoicG9zdF9saW5rX3VybF9wYWdlIiwic2V0dGluZ3MiOnsicG9zdF9pZCI6IjEwODQ3OTQifX0=@&#8221; _builder_version=&#8221;4.22.2&#8243; _dynamic_attributes=&#8221;url&#8221; _module_preset=&#8221;default&#8221; global_colors_info=&#8221;{}&#8221;][\/et_pb_image][et_pb_image src=&#8221;http:\/\/zsp5.zory.pl\/wp-content\/uploads\/2024\/06\/MEDIA.png&#8221; title_text=&#8221;MEDIA&#8221; url=&#8221;@ET-DC@eyJkeW5hbWljIjp0cnVlLCJjb250ZW50IjoicG9zdF9saW5rX3VybF9wYWdlIiwic2V0dGluZ3MiOnsicG9zdF9pZCI6IjEwODUyMzcifX0=@&#8221; _builder_version=&#8221;4.22.2&#8243; _dynamic_attributes=&#8221;url&#8221; _module_preset=&#8221;default&#8221; global_colors_info=&#8221;{}&#8221;][\/et_pb_image][et_pb_image src=&#8221;http:\/\/zsp5.zory.pl\/wp-content\/uploads\/2022\/10\/Niebieski-Chlopiec.png&#8221; title_text=&#8221;Niebieski Ch\u0142opiec&#8221; url=&#8221;http:\/\/zsp5.zory.pl\/?page_id=687&#8243; _builder_version=&#8221;4.18.0&#8243; _module_preset=&#8221;default&#8221; global_colors_info=&#8221;{}&#8221;][\/et_pb_image][et_pb_image src=&#8221;http:\/\/zsp5.zory.pl\/wp-content\/uploads\/2022\/10\/Niebieski-Szkola.png&#8221; title_text=&#8221;Niebieski Szko\u0142a&#8221; url=&#8221;http:\/\/zsp5.zory.pl\/?page_id=1752&#8243; _builder_version=&#8221;4.18.0&#8243; _module_preset=&#8221;default&#8221; global_colors_info=&#8221;{}&#8221;][\/et_pb_image][et_pb_image src=&#8221;http:\/\/zsp5.zory.pl\/wp-content\/uploads\/2022\/12\/przyjacieleszkoly.png&#8221; title_text=&#8221;przyjacieleszkoly&#8221; url=&#8221;http:\/\/zsp5.zory.pl\/?p=2871&#8243; _builder_version=&#8221;4.18.0&#8243; _module_preset=&#8221;default&#8221; global_colors_info=&#8221;{}&#8221;][\/et_pb_image][et_pb_post_slider posts_number=&#8221;7&#8243; include_categories=&#8221;39&#8243; show_meta=&#8221;off&#8221; _builder_version=&#8221;4.18.0&#8243; _module_preset=&#8221;default&#8221; header_font=&#8221;Rubik|||on|||||&#8221; header_font_size=&#8221;17px&#8221; header_letter_spacing=&#8221;1px&#8221; body_font=&#8221;Rubik||||||||&#8221; background_color=&#8221;#007FE0&#8243; custom_padding=&#8221;0px||0%||false|false&#8221; animation_style=&#8221;fade&#8221; border_color_all=&#8221;#E02B20&#8243; box_shadow_style=&#8221;preset2&#8243; global_colors_info=&#8221;{}&#8221;][\/et_pb_post_slider][\/et_pb_column][et_pb_column type=&#8221;1_2&#8243; _builder_version=&#8221;4.18.0&#8243; _module_preset=&#8221;default&#8221; global_colors_info=&#8221;{}&#8221;][et_pb_blog include_categories=&#8221;2,39,82,87&#8243; meta_date=&#8221;j M Y&#8221; excerpt_length=&#8221;450&#8243; show_more=&#8221;on&#8221; show_author=&#8221;off&#8221; show_categories=&#8221;off&#8221; _builder_version=&#8221;4.22.2&#8243; _module_preset=&#8221;default&#8221; header_font=&#8221;Rubik|||on|||||&#8221; header_text_color=&#8221;#0C71C3&#8243; meta_font=&#8221;|600|||||||&#8221; meta_text_color=&#8221;#0C71C3&#8243; read_more_font=&#8221;|800||on|||||&#8221; read_more_text_color=&#8221;#0C71C3&#8243; read_more_font_size=&#8221;17px&#8221; read_more_line_height=&#8221;3em&#8221; global_colors_info=&#8221;{}&#8221;][\/et_pb_blog][\/et_pb_column][et_pb_column type=&#8221;1_4&#8243; _builder_version=&#8221;4.18.0&#8243; _module_preset=&#8221;default&#8221; global_colors_info=&#8221;{}&#8221;][et_pb_image src=&#8221;http:\/\/zsp5.zory.pl\/wp-content\/uploads\/2024\/08\/vukcan.png&#8221; title_text=&#8221;vukcan&#8221; url=&#8221;https:\/\/uonetplus.vulcan.net.pl\/zory&#8221; url_new_window=&#8221;on&#8221; _builder_version=&#8221;4.22.2&#8243; _module_preset=&#8221;default&#8221; custom_padding=&#8221;2px||2px|0px||&#8221; global_colors_info=&#8221;{}&#8221;][\/et_pb_image][et_pb_code _builder_version=&#8221;4.18.0&#8243; _module_preset=&#8221;default&#8221; global_colors_info=&#8221;{}&#8221;]<\/p>\n<div id=\"fb-root\"><\/div>\n<p><!-- [et_pb_line_break_holder] --><script async defer crossorigin=\"anonymous\" src=\"https:\/\/connect.facebook.net\/pl_PL\/sdk.js#xfbml=1&#038;version=v15.0\" nonce=\"Qj6qZWXa\"><\/script><!-- [et_pb_line_break_holder] --><\/p>\n<div class=\"fb-page\" data-href=\"https:\/\/www.facebook.com\/Zesp%C3%B3%C5%82-Szkolno-Przedszkolny-nr-5-w-%C5%BBorach-106715568841939\/\" data-tabs=\"timeline\" data-width=\"500\" data-height=\"800\" data-small-header=\"false\" data-adapt-container-width=\"true\" data-hide-cover=\"false\" data-show-facepile=\"true\">\n<blockquote cite=\"https:\/\/www.facebook.com\/Zesp%C3%B3%C5%82-Szkolno-Przedszkolny-nr-5-w-%C5%BBorach-106715568841939\/\" class=\"fb-xfbml-parse-ignore\"><p><a href=\"https:\/\/www.facebook.com\/Zesp%C3%B3%C5%82-Szkolno-Przedszkolny-nr-5-w-%C5%BBorach-106715568841939\/\">Zesp\u00f3\u0142 Szkolno-Przedszkolny nr 5 w \u017borach<\/a><\/p><\/blockquote>\n<\/div>\n<p>[\/et_pb_code][et_pb_image src=&#8221;http:\/\/zsp5.zory.pl\/wp-content\/uploads\/2024\/02\/logo_bip.jpg&#8221; title_text=&#8221;logo_bip&#8221; url=&#8221;https:\/\/zsp5zory.bip.net.pl\/?lang=PL&#8221; _builder_version=&#8221;4.22.2&#8243; _module_preset=&#8221;default&#8221; global_colors_info=&#8221;{}&#8221;][\/et_pb_image][\/et_pb_column][\/et_pb_row][\/et_pb_section][et_pb_section fb_built=&#8221;1&#8243; fullwidth=&#8221;on&#8221; _builder_version=&#8221;4.18.0&#8243; _module_preset=&#8221;default&#8221; global_colors_info=&#8221;{}&#8221;][et_pb_fullwidth_header title=&#8221;Przyjaciele Szko\u0142y&#8221; button_one_text=&#8221;Lista przyjaci\u00f3\u0142&#8221; button_one_url=&#8221;http:\/\/zsp5.zory.pl\/?p=2871&#8243; _builder_version=&#8221;4.18.0&#8243; _module_preset=&#8221;default&#8221; background_color=&#8221;#0C71C3&#8243; custom_padding=&#8221;20px||33px|||&#8221; global_colors_info=&#8221;{}&#8221;]<\/p>\n<p><span>Do grona przyjaci\u00f3\u0142 wspieraj\u0105cych szko\u0142\u0119 nale\u017c\u0105:<\/span><\/p>\n<p>[\/et_pb_fullwidth_header][\/et_pb_section][et_pb_section fb_built=&#8221;1&#8243; _builder_version=&#8221;4.18.0&#8243; _module_preset=&#8221;default&#8221; custom_padding=&#8221;15px||0px|||&#8221; global_colors_info=&#8221;{}&#8221;][et_pb_row column_structure=&#8221;1_5,1_5,1_5,1_5,1_5&#8243; _builder_version=&#8221;4.18.0&#8243; _module_preset=&#8221;default&#8221; custom_padding=&#8221;7px|||||&#8221; global_colors_info=&#8221;{}&#8221;][et_pb_column type=&#8221;1_5&#8243; _builder_version=&#8221;4.18.0&#8243; _module_preset=&#8221;default&#8221; global_colors_info=&#8221;{}&#8221;][et_pb_blurb title=&#8221;Rada Dzielnicy Baranowice&#8221; url=&#8221;https:\/\/www.facebook.com\/profile.php?id=100075434288473&#8243; image=&#8221;http:\/\/zsp5.zory.pl\/wp-content\/uploads\/2022\/12\/radadzielnicy.jpg&#8221; _builder_version=&#8221;4.18.0&#8243; _module_preset=&#8221;default&#8221; link_option_url=&#8221;https:\/\/www.facebook.com\/profile.php?id=100075434288473&#8243; link_option_url_new_window=&#8221;on&#8221; global_colors_info=&#8221;{}&#8221;][\/et_pb_blurb][\/et_pb_column][et_pb_column type=&#8221;1_5&#8243; _builder_version=&#8221;4.18.0&#8243; _module_preset=&#8221;default&#8221; global_colors_info=&#8221;{}&#8221;][et_pb_blurb title=&#8221;Personnel Service&#8221; image=&#8221;http:\/\/zsp5.zory.pl\/wp-content\/uploads\/2022\/12\/242644129_872265300082732_290087131522024367_n.png&#8221; _builder_version=&#8221;4.18.0&#8243; _module_preset=&#8221;default&#8221; global_colors_info=&#8221;{}&#8221;][\/et_pb_blurb][\/et_pb_column][et_pb_column type=&#8221;1_5&#8243; _builder_version=&#8221;4.18.0&#8243; _module_preset=&#8221;default&#8221; global_colors_info=&#8221;{}&#8221;][et_pb_blurb title=&#8221;Sie\u0107 sklep\u00f3w Bisam&#8221; url=&#8221;https:\/\/www.facebook.com\/SklepBisam&#8221; image=&#8221;http:\/\/zsp5.zory.pl\/wp-content\/uploads\/2022\/12\/307839861_525427346257546_5851823501541974782_n.png&#8221; _builder_version=&#8221;4.18.0&#8243; _module_preset=&#8221;default&#8221; link_option_url=&#8221;https:\/\/www.facebook.com\/SklepBisam&#8221; global_colors_info=&#8221;{}&#8221;]<\/p>\n<p><span>ul. Stra\u017cacka 1a, 44-240 \u017bory<\/span><\/p>\n<p>[\/et_pb_blurb][\/et_pb_column][et_pb_column type=&#8221;1_5&#8243; _builder_version=&#8221;4.18.0&#8243; _module_preset=&#8221;default&#8221; global_colors_info=&#8221;{}&#8221;][et_pb_blurb title=&#8221;AMBI&#8221; url=&#8221;https:\/\/www.facebook.com\/zpsambi\/&#8221; image=&#8221;http:\/\/zsp5.zory.pl\/wp-content\/uploads\/2022\/12\/90801595_101010431556459_8900416815755165696_n.jpg&#8221; _builder_version=&#8221;4.18.0&#8243; _module_preset=&#8221;default&#8221; link_option_url=&#8221;https:\/\/www.facebook.com\/zpsambi\/&#8221; global_colors_info=&#8221;{}&#8221;]<\/p>\n<p><span>ul. Sk\u0142adowa 11<\/span><br \/><span>41-902 Bytom<\/span><\/p>\n<p>[\/et_pb_blurb][\/et_pb_column][et_pb_column type=&#8221;1_5&#8243; _builder_version=&#8221;4.18.0&#8243; _module_preset=&#8221;default&#8221; global_colors_info=&#8221;{}&#8221;][et_pb_blurb title=&#8221;F.P.U.H Prodmet&#8221; url=&#8221;https:\/\/prodmet.info.pl\/#home&#8221; image=&#8221;http:\/\/zsp5.zory.pl\/wp-content\/uploads\/2022\/12\/prodmet.jpg&#8221; _builder_version=&#8221;4.18.0&#8243; _module_preset=&#8221;default&#8221; link_option_url=&#8221;https:\/\/prodmet.info.pl\/#home&#8221; global_colors_info=&#8221;{}&#8221;]<\/p>\n<p><span>ul. Boczna 8<\/span><br \/><span>44-240 \u017bory<\/span><\/p>\n<p>[\/et_pb_blurb][\/et_pb_column][\/et_pb_row][et_pb_row column_structure=&#8221;1_5,1_5,1_5,1_5,1_5&#8243; _builder_version=&#8221;4.18.0&#8243; _module_preset=&#8221;default&#8221; custom_padding=&#8221;7px|||||&#8221; global_colors_info=&#8221;{}&#8221;][et_pb_column type=&#8221;1_5&#8243; _builder_version=&#8221;4.18.0&#8243; _module_preset=&#8221;default&#8221; global_colors_info=&#8221;{}&#8221;][et_pb_blurb title=&#8221;Niezale\u017cny serwis samochod\u00f3w marki BMW \u017bory&#8221; url=&#8221;https:\/\/www.facebook.com\/niezaleznyserwisbmw&#8221; image=&#8221;http:\/\/zsp5.zory.pl\/wp-content\/uploads\/2022\/12\/242510816_331653322085654_5327373836169128590_n.jpg&#8221; _builder_version=&#8221;4.18.0&#8243; _module_preset=&#8221;default&#8221; link_option_url=&#8221;https:\/\/www.facebook.com\/niezaleznyserwisbmw&#8221; link_option_url_new_window=&#8221;on&#8221; global_colors_info=&#8221;{}&#8221;][\/et_pb_blurb][\/et_pb_column][et_pb_column type=&#8221;1_5&#8243; _builder_version=&#8221;4.18.0&#8243; _module_preset=&#8221;default&#8221; global_colors_info=&#8221;{}&#8221;][et_pb_blurb title=&#8221;Fa-Bil Wielofunkcyjne Sto\u0142y Bilardowe&#8221; url=&#8221;https:\/\/www.fa-bil.pl\/&#8221; image=&#8221;http:\/\/zsp5.zory.pl\/wp-content\/uploads\/2022\/12\/302143035_475129557961059_6639311837021538209_n.jpg&#8221; _builder_version=&#8221;4.18.0&#8243; _module_preset=&#8221;default&#8221; link_option_url=&#8221;https:\/\/www.fa-bil.pl\/&#8221; global_colors_info=&#8221;{}&#8221;]<\/p>\n<p><span>\u015al\u0105ska 5, Krzyzowice, Poland<\/span><\/p>\n<p>[\/et_pb_blurb][\/et_pb_column][et_pb_column type=&#8221;1_5&#8243; _builder_version=&#8221;4.18.0&#8243; _module_preset=&#8221;default&#8221; global_colors_info=&#8221;{}&#8221;][et_pb_blurb title=&#8221;MProtect&#8221; url=&#8221;https:\/\/www.facebook.com\/MPROTECTDetailing&#8221; image=&#8221;http:\/\/zsp5.zory.pl\/wp-content\/uploads\/2022\/12\/278906686_487314373185851_1857936891372654940_n.jpg&#8221; _builder_version=&#8221;4.18.0&#8243; _module_preset=&#8221;default&#8221; link_option_url=&#8221;https:\/\/www.facebook.com\/MPROTECTDetailing&#8221; global_colors_info=&#8221;{}&#8221;]<span>Boczna 8, Zory, Poland<\/span>[\/et_pb_blurb][\/et_pb_column][et_pb_column type=&#8221;1_5&#8243; _builder_version=&#8221;4.18.0&#8243; _module_preset=&#8221;default&#8221; global_colors_info=&#8221;{}&#8221;][\/et_pb_column][et_pb_column type=&#8221;1_5&#8243; _builder_version=&#8221;4.18.0&#8243; _module_preset=&#8221;default&#8221; global_colors_info=&#8221;{}&#8221;][\/et_pb_column][\/et_pb_row][\/et_pb_section]<\/p>\n","protected":false},"excerpt":{"rendered":"<p>Zapraszamy na dedykowan\u0105 podstron\u0119 Przedszkola nr 12 w \u017borach. Znajduj\u0105 si\u0119 tam wszystkie najwa\u017cniejsze informacje dla rodzic\u00f3w wychowank\u00f3w naszego przedszkola.Zapraszamy na dedykowan\u0105 stron\u0119 Szko\u0142y Podstawowej nr 5 w \u017borach. Na tej podstronie znajduj\u0105 si\u0119 wszystkie niezb\u0119dne uczniom i rodzicom informacje o naszej plac\u00f3wce. Najnowsze wiadomo\u015bci, program nauczania, godziny dost\u0119pno\u015bci nauczycieli, plan pracy \u015bwietlicy i biblioteki, [&hellip;]<\/p>\n","protected":false},"author":2,"featured_media":0,"parent":0,"menu_order":0,"comment_status":"closed","ping_status":"closed","template":"","meta":{"_et_pb_use_builder":"on","_et_pb_old_content":"","_et_gb_content_width":"","_mc_calendar":[],"footnotes":""},"class_list":["post-795","page","type-page","status-publish","hentry"],"_links":{"self":[{"href":"https:\/\/zsp5.zory.pl\/index.php?rest_route=\/wp\/v2\/pages\/795","targetHints":{"allow":["GET"]}}],"collection":[{"href":"https:\/\/zsp5.zory.pl\/index.php?rest_route=\/wp\/v2\/pages"}],"about":[{"href":"https:\/\/zsp5.zory.pl\/index.php?rest_route=\/wp\/v2\/types\/page"}],"author":[{"embeddable":true,"href":"https:\/\/zsp5.zory.pl\/index.php?rest_route=\/wp\/v2\/users\/2"}],"replies":[{"embeddable":true,"href":"https:\/\/zsp5.zory.pl\/index.php?rest_route=%2Fwp%2Fv2%2Fcomments&post=795"}],"version-history":[{"count":76,"href":"https:\/\/zsp5.zory.pl\/index.php?rest_route=\/wp\/v2\/pages\/795\/revisions"}],"predecessor-version":[{"id":1085665,"href":"https:\/\/zsp5.zory.pl\/index.php?rest_route=\/wp\/v2\/pages\/795\/revisions\/1085665"}],"wp:attachment":[{"href":"https:\/\/zsp5.zory.pl\/index.php?rest_route=%2Fwp%2Fv2%2Fmedia&parent=795"}],"curies":[{"name":"wp","href":"https:\/\/api.w.org\/{rel}","templated":true}]}}