{"id":436,"date":"2025-07-06T18:05:20","date_gmt":"2025-07-06T16:05:20","guid":{"rendered":"http:\/\/185.242.132.144\/?page_id=436"},"modified":"2026-02-04T12:08:19","modified_gmt":"2026-02-04T11:08:19","slug":"ochrona-danych-osobowych","status":"publish","type":"page","link":"https:\/\/zsp5.zory.pl\/?page_id=436","title":{"rendered":"Ochrona Danych Osobowych"},"content":{"rendered":"<p>[et_pb_section fb_built=&#8221;1&#8243; admin_label=&#8221;Our Mission&#8221; _builder_version=&#8221;4.16&#8243; use_background_color_gradient=&#8221;on&#8221; background_color_gradient_stops=&#8221;rgba(233,239,243,0) 0%|#e9eff3 100%&#8221; background_color_gradient_start=&#8221;rgba(233,239,243,0)&#8221; background_color_gradient_end=&#8221;#e9eff3&#8243; background_image=&#8221;http:\/\/zsp5.zory.pl\/wp-content\/uploads\/2021\/11\/shapes-bg-color.png&#8221; parallax=&#8221;on&#8221; custom_padding=&#8221;12px|0px|32px|0px|false|false&#8221; global_colors_info=&#8221;{}&#8221;][et_pb_row admin_label=&#8221;Mission Row&#8221; _builder_version=&#8221;4.16&#8243; locked=&#8221;off&#8221; global_colors_info=&#8221;{}&#8221;][et_pb_column type=&#8221;4_4&#8243; _builder_version=&#8221;4.16&#8243; custom_padding=&#8221;|||&#8221; global_colors_info=&#8221;{}&#8221; custom_padding__hover=&#8221;|||&#8221;][et_pb_blurb title=&#8221;uwaga&#8221; use_icon=&#8221;on&#8221; font_icon=&#8221;&#xf06a;||fa||900&#8243; icon_color=&#8221;#2b76df&#8221; image_icon_width=&#8221;32px&#8221; _builder_version=&#8221;4.16&#8243; header_font=&#8221;Cabin Sketch|700||on|||||&#8221; header_text_color=&#8221;#ff7355&#8243; header_font_size=&#8221;20px&#8221; header_letter_spacing=&#8221;5px&#8221; header_line_height=&#8221;1.5em&#8221; text_orientation=&#8221;center&#8221; custom_margin=&#8221;||0px|&#8221; icon_font_size=&#8221;32px&#8221; locked=&#8221;off&#8221; global_colors_info=&#8221;{}&#8221;][\/et_pb_blurb][et_pb_text _builder_version=&#8221;4.27.4&#8243; text_font=&#8221;|500|||||||&#8221; text_font_size=&#8221;16px&#8221; text_line_height=&#8221;2em&#8221; header_font=&#8221;||||||||&#8221; header_2_font=&#8221;Rubik|700|||||||&#8221; header_2_font_size=&#8221;40px&#8221; header_2_line_height=&#8221;1.4em&#8221; header_5_font=&#8221;Rubik|700||on|||||&#8221; header_5_text_color=&#8221;#2b76df&#8221; header_5_letter_spacing=&#8221;5px&#8221; header_5_line_height=&#8221;1.5em&#8221; text_orientation=&#8221;center&#8221; max_width=&#8221;700px&#8221; module_alignment=&#8221;center&#8221; custom_margin=&#8221;|||&#8221; custom_margin_tablet=&#8221;0px|||&#8221; custom_margin_last_edited=&#8221;off|desktop&#8221; hover_enabled=&#8221;0&#8243; text_line_height_last_edited=&#8221;off|desktop&#8221; header_2_font_size_tablet=&#8221;&#8221; header_2_font_size_phone=&#8221;30px&#8221; header_2_font_size_last_edited=&#8221;on|phone&#8221; global_colors_info=&#8221;{}&#8221; sticky_enabled=&#8221;0&#8243;]<\/p>\n<h2 style=\"text-align: center;\">Ochrona Danych Osobowych<\/h2>\n<p style=\"text-align: center;\">Szanowni Pa\u0144stwo,<\/p>\n<p style=\"text-align: justify;\" align=\"justify\">Od 25 maja 2018r. obowi\u0105zuj\u0105 nowe przepisy dotycz\u0105ce ochrony danych osobowych (RODO). W celu zapewnienia bezpiecze\u0144stwa i przejrzysto\u015bci procedur przetwarzania danych osobowych w Przedszkolu, poni\u017cej znajduj\u0105 si\u0119 informacj\u0119 oraz przys\u0142uguj\u0105ce Pa\u0144stwu prawa.<\/p>\n<p style=\"text-align: left;\">Administratorem danych osobowych jest Zesp\u00f3\u0142 Szkolno-Przedszkolny nr 5 w \u017borach, ul. Stra\u017cacka 6, 44-240 \u017bory. Kontakt z administratorem jest mo\u017cliwy za pomoc\u0105 adresu mailowego: <span style=\"color: #0563c1;\"><u><a href=\"mailto:sekretariat@zsp5zory.pl\">sekretariat@zsp5zory.pl<\/a><\/u><\/span>.<\/p>\n<p style=\"text-align: left;\">Inspektorem Ochrony Danych Osobowych jest Aleksandra Cnota-Miko\u0142ajec. Kontakt z inspektorem jest mo\u017cliwy za pomoc\u0105 adres\u00f3w mailowych:<a href=\"mailto:aleksandra@eduodo.pl\"> aleksandra@eduodo.pl<\/a> lub <span style=\"color: #0563c1;\"><u><a href=\"mailto:iod@eduodo.pl\">iod@eduodo.pl<\/a><\/u><\/span>.<\/p>\n<ul>\n<li style=\"text-align: left;\"><a href=\"http:\/\/zsp5.zory.pl\/wp-content\/uploads\/2026\/02\/KI-ogolne.pdf\">Klauzula informacyjna og\u00f3lna<\/a><\/li>\n<li style=\"text-align: left;\"><a href=\"http:\/\/zsp5.zory.pl\/wp-content\/uploads\/2026\/02\/KI-monitoring.pdf\">Klauzula monitoring<\/a><\/li>\n<\/ul>\n<p>Klazule informacyjne s\u0105 dost\u0119pne r\u00f3wnie\u017c w Zespole Szkolno &#8211; Przedszkolnym nr 5 w \u017borach, ul. Stra\u017cacka 6.<\/p>\n<p>[\/et_pb_text][\/et_pb_column][\/et_pb_row][\/et_pb_section]<\/p>\n","protected":false},"excerpt":{"rendered":"<p>Ochrona Danych Osobowych Szanowni Pa\u0144stwo, Od 25 maja 2018r. obowi\u0105zuj\u0105 nowe przepisy dotycz\u0105ce ochrony danych osobowych (RODO). W celu zapewnienia bezpiecze\u0144stwa i przejrzysto\u015bci procedur przetwarzania danych osobowych w Przedszkolu, poni\u017cej znajduj\u0105 si\u0119 informacj\u0119 oraz przys\u0142uguj\u0105ce Pa\u0144stwu prawa. Administratorem danych osobowych jest Zesp\u00f3\u0142 Szkolno-Przedszkolny nr 5 w \u017borach, ul. Stra\u017cacka 6, 44-240 \u017bory. Kontakt z administratorem [&hellip;]<\/p>\n","protected":false},"author":2,"featured_media":0,"parent":0,"menu_order":0,"comment_status":"closed","ping_status":"closed","template":"","meta":{"_et_pb_use_builder":"on","_et_pb_old_content":"","_et_gb_content_width":"","_mc_calendar":[],"footnotes":""},"class_list":["post-436","page","type-page","status-publish","hentry"],"_links":{"self":[{"href":"https:\/\/zsp5.zory.pl\/index.php?rest_route=\/wp\/v2\/pages\/436","targetHints":{"allow":["GET"]}}],"collection":[{"href":"https:\/\/zsp5.zory.pl\/index.php?rest_route=\/wp\/v2\/pages"}],"about":[{"href":"https:\/\/zsp5.zory.pl\/index.php?rest_route=\/wp\/v2\/types\/page"}],"author":[{"embeddable":true,"href":"https:\/\/zsp5.zory.pl\/index.php?rest_route=\/wp\/v2\/users\/2"}],"replies":[{"embeddable":true,"href":"https:\/\/zsp5.zory.pl\/index.php?rest_route=%2Fwp%2Fv2%2Fcomments&post=436"}],"version-history":[{"count":22,"href":"https:\/\/zsp5.zory.pl\/index.php?rest_route=\/wp\/v2\/pages\/436\/revisions"}],"predecessor-version":[{"id":1087030,"href":"https:\/\/zsp5.zory.pl\/index.php?rest_route=\/wp\/v2\/pages\/436\/revisions\/1087030"}],"wp:attachment":[{"href":"https:\/\/zsp5.zory.pl\/index.php?rest_route=%2Fwp%2Fv2%2Fmedia&parent=436"}],"curies":[{"name":"wp","href":"https:\/\/api.w.org\/{rel}","templated":true}]}}