{"id":1855,"date":"2022-10-14T19:26:43","date_gmt":"2022-10-14T17:26:43","guid":{"rendered":"http:\/\/zsp5.zory.pl\/?page_id=1855"},"modified":"2025-10-27T13:43:35","modified_gmt":"2025-10-27T12:43:35","slug":"sp5_8","status":"publish","type":"page","link":"https:\/\/zsp5.zory.pl\/?page_id=1855","title":{"rendered":"SP5_8"},"content":{"rendered":"<p>[et_pb_section fb_built=&#8221;1&#8243; specialty=&#8221;on&#8221; admin_label=&#8221;Section&#8221; _builder_version=&#8221;4.18.0&#8243; background_image=&#8221;http:\/\/zsp5.zory.pl\/wp-content\/uploads\/2021\/11\/shapes-bg-color.png&#8221; inner_width=&#8221;90%&#8221; inner_max_width=&#8221;90%&#8221; custom_margin=&#8221;|||&#8221; custom_padding=&#8221;26px|0|100px|0px|false|false&#8221; use_custom_width=&#8221;on&#8221; width_unit=&#8221;off&#8221; custom_width_percent=&#8221;90%&#8221; global_colors_info=&#8221;{}&#8221;][et_pb_column type=&#8221;1_4&#8243; _builder_version=&#8221;4.16&#8243; custom_padding=&#8221;|||&#8221; global_colors_info=&#8221;{}&#8221; custom_padding__hover=&#8221;|||&#8221;][et_pb_blurb title=&#8221;HISTORIA&#8221; _builder_version=&#8221;4.18.0&#8243; _dynamic_attributes=&#8221;link_option_url&#8221; header_font=&#8221;Rubik|700||on|||||&#8221; header_text_color=&#8221;rgba(255,255,255,0.5)&#8221; header_font_size=&#8221;12px&#8221; header_letter_spacing=&#8221;3px&#8221; body_font=&#8221;Rubik||||||||&#8221; body_font_size=&#8221;12px&#8221; body_letter_spacing=&#8221;1px&#8221; body_line_height=&#8221;1.5em&#8221; background_color=&#8221;#0047E0&#8243; background_layout=&#8221;dark&#8221; custom_margin=&#8221;||10px|&#8221; custom_padding=&#8221;14px|20px|14px|20px|true|true&#8221; link_option_url=&#8221;@ET-DC@eyJkeW5hbWljIjp0cnVlLCJjb250ZW50IjoicG9zdF9saW5rX3VybF9wYWdlIiwic2V0dGluZ3MiOnsicG9zdF9pZCI6IjE4MDQifX0=@&#8221; border_radii=&#8221;on|10px|10px|10px|10px&#8221; box_shadow_style=&#8221;preset2&#8243; locked=&#8221;off&#8221; global_colors_info=&#8221;{}&#8221;]<\/p>\n<p><span>Historia Zespo\u0142u Szkolno-Przedszkolnego nr 5<\/span><\/p>\n<p>[\/et_pb_blurb][et_pb_blurb title=&#8221;Z \u017bYCIA SZKO\u0141Y&#8221; _builder_version=&#8221;4.18.0&#8243; _dynamic_attributes=&#8221;link_option_url&#8221; header_font=&#8221;Rubik|700||on|||||&#8221; header_text_color=&#8221;#000000&#8243; header_font_size=&#8221;12px&#8221; header_letter_spacing=&#8221;3px&#8221; header_line_height=&#8221;1.5em&#8221; body_font=&#8221;Rubik||||||||&#8221; body_text_color=&#8221;#000000&#8243; body_font_size=&#8221;12px&#8221; body_letter_spacing=&#8221;1px&#8221; body_line_height=&#8221;2em&#8221; background_color=&#8221;#FFF347&#8243; background_layout=&#8221;dark&#8221; custom_margin=&#8221;||10px|&#8221; custom_padding=&#8221;14px|20px|14px|20px|true|true&#8221; animation_style=&#8221;zoom&#8221; animation_intensity_zoom=&#8221;10%&#8221; link_option_url=&#8221;@ET-DC@eyJkeW5hbWljIjp0cnVlLCJjb250ZW50IjoicG9zdF9saW5rX3VybF9wYWdlIiwic2V0dGluZ3MiOnsicG9zdF9pZCI6IjE3NTIifX0=@&#8221; border_radii=&#8221;on|10px|10px|10px|10px&#8221; box_shadow_style=&#8221;preset2&#8243; locked=&#8221;off&#8221; global_colors_info=&#8221;{}&#8221;]<\/p>\n<p>Informacje, wydarzenia, zaproszenia<\/p>\n<p>[\/et_pb_blurb][et_pb_blurb title=&#8221;nauczyciele&#8221; _builder_version=&#8221;4.18.0&#8243; _dynamic_attributes=&#8221;link_option_url&#8221; header_font=&#8221;Rubik|700||on|||||&#8221; header_text_color=&#8221;#000000&#8243; header_font_size=&#8221;12px&#8221; header_letter_spacing=&#8221;3px&#8221; header_line_height=&#8221;1.5em&#8221; body_font=&#8221;Rubik||||||||&#8221; body_text_color=&#8221;#000000&#8243; body_font_size=&#8221;12px&#8221; body_letter_spacing=&#8221;1px&#8221; body_line_height=&#8221;2em&#8221; background_color=&#8221;#D6D6D6&#8243; background_layout=&#8221;dark&#8221; custom_margin=&#8221;||11px||false|false&#8221; custom_padding=&#8221;14px|20px|14px|20px|true|true&#8221; animation_style=&#8221;zoom&#8221; animation_intensity_zoom=&#8221;10%&#8221; link_option_url=&#8221;@ET-DC@eyJkeW5hbWljIjp0cnVlLCJjb250ZW50IjoicG9zdF9saW5rX3VybF9wYWdlIiwic2V0dGluZ3MiOnsicG9zdF9pZCI6IjE3ODMifX0=@&#8221; border_radii=&#8221;on|10px|10px|10px|10px&#8221; box_shadow_style=&#8221;preset2&#8243; locked=&#8221;off&#8221; global_colors_info=&#8221;{}&#8221;]<\/p>\n<p>Kadra pedagogiczna naszej szko\u0142y<\/p>\n<p>[\/et_pb_blurb][et_pb_blurb title=&#8221;GOdziny dost\u0119pno\u015bci&#8221; _builder_version=&#8221;4.18.0&#8243; _dynamic_attributes=&#8221;link_option_url&#8221; header_font=&#8221;Rubik|700||on|||||&#8221; header_text_color=&#8221;rgba(255,255,255,0.5)&#8221; header_font_size=&#8221;12px&#8221; header_letter_spacing=&#8221;3px&#8221; body_font=&#8221;Rubik||||||||&#8221; body_font_size=&#8221;12px&#8221; body_letter_spacing=&#8221;1px&#8221; body_line_height=&#8221;1.5em&#8221; background_color=&#8221;#0047E0&#8243; background_layout=&#8221;dark&#8221; custom_margin=&#8221;||10px|&#8221; custom_padding=&#8221;14px|20px|14px|20px|true|true&#8221; link_option_url=&#8221;@ET-DC@eyJkeW5hbWljIjp0cnVlLCJjb250ZW50IjoicG9zdF9saW5rX3VybF9wYWdlIiwic2V0dGluZ3MiOnsicG9zdF9pZCI6IjE4MTUifX0=@&#8221; border_radii=&#8221;on|10px|10px|10px|10px&#8221; box_shadow_style=&#8221;preset2&#8243; locked=&#8221;off&#8221; global_colors_info=&#8221;{}&#8221;][\/et_pb_blurb][et_pb_blurb title=&#8221;kalendarz roku szkolnego&#8221; _builder_version=&#8221;4.27.4&#8243; _dynamic_attributes=&#8221;link_option_url&#8221; header_font=&#8221;Rubik|700||on|||||&#8221; header_text_color=&#8221;#000000&#8243; header_font_size=&#8221;12px&#8221; header_letter_spacing=&#8221;3px&#8221; header_line_height=&#8221;1.5em&#8221; body_font=&#8221;Rubik||||||||&#8221; body_text_color=&#8221;#000000&#8243; body_font_size=&#8221;12px&#8221; body_letter_spacing=&#8221;1px&#8221; body_line_height=&#8221;2em&#8221; background_color=&#8221;#FFF347&#8243; background_layout=&#8221;dark&#8221; custom_margin=&#8221;||10px|&#8221; custom_padding=&#8221;14px|20px|14px|20px|true|true&#8221; animation_style=&#8221;zoom&#8221; animation_intensity_zoom=&#8221;10%&#8221; link_option_url=&#8221;@ET-DC@eyJkeW5hbWljIjp0cnVlLCJjb250ZW50IjoicG9zdF9saW5rX3VybF9wYWdlIiwic2V0dGluZ3MiOnsicG9zdF9pZCI6IjE4MjMifX0=@&#8221; hover_enabled=&#8221;0&#8243; border_radii=&#8221;on|10px|10px|10px|10px&#8221; box_shadow_style=&#8221;preset2&#8243; locked=&#8221;off&#8221; global_colors_info=&#8221;{}&#8221; sticky_enabled=&#8221;0&#8243;]<\/p>\n<p>2025 \/ 2026<\/p>\n<p>[\/et_pb_blurb][et_pb_blurb title=&#8221;\u015bwietlica&#8221; _builder_version=&#8221;4.18.0&#8243; _dynamic_attributes=&#8221;link_option_url&#8221; header_font=&#8221;Rubik|700||on|||||&#8221; header_text_color=&#8221;#000000&#8243; header_font_size=&#8221;12px&#8221; header_letter_spacing=&#8221;3px&#8221; header_line_height=&#8221;1.5em&#8221; body_font=&#8221;Rubik||||||||&#8221; body_text_color=&#8221;#000000&#8243; body_font_size=&#8221;12px&#8221; body_letter_spacing=&#8221;1px&#8221; body_line_height=&#8221;2em&#8221; background_color=&#8221;#D6D6D6&#8243; background_layout=&#8221;dark&#8221; custom_margin=&#8221;||11px||false|false&#8221; custom_padding=&#8221;14px|20px|14px|20px|true|true&#8221; animation_style=&#8221;zoom&#8221; animation_intensity_zoom=&#8221;10%&#8221; link_option_url=&#8221;@ET-DC@eyJkeW5hbWljIjp0cnVlLCJjb250ZW50IjoicG9zdF9saW5rX3VybF9wYWdlIiwic2V0dGluZ3MiOnsicG9zdF9pZCI6IjE4MzEifX0=@&#8221; border_radii=&#8221;on|10px|10px|10px|10px&#8221; box_shadow_style=&#8221;preset2&#8243; locked=&#8221;off&#8221; global_colors_info=&#8221;{}&#8221;]<\/p>\n<p>Zasady pracy<\/p>\n<p>[\/et_pb_blurb][et_pb_blurb title=&#8221;wolontariat&#8221; _builder_version=&#8221;4.18.0&#8243; _dynamic_attributes=&#8221;link_option_url&#8221; header_font=&#8221;Rubik|700||on|||||&#8221; header_text_color=&#8221;rgba(255,255,255,0.5)&#8221; header_font_size=&#8221;12px&#8221; header_letter_spacing=&#8221;3px&#8221; body_font=&#8221;Rubik||||||||&#8221; body_font_size=&#8221;12px&#8221; body_letter_spacing=&#8221;1px&#8221; body_line_height=&#8221;1.5em&#8221; background_color=&#8221;#0047E0&#8243; background_layout=&#8221;dark&#8221; custom_margin=&#8221;||10px|&#8221; custom_padding=&#8221;14px|20px|14px|20px|true|true&#8221; link_option_url=&#8221;@ET-DC@eyJkeW5hbWljIjp0cnVlLCJjb250ZW50IjoicG9zdF9saW5rX3VybF9wYWdlIiwic2V0dGluZ3MiOnsicG9zdF9pZCI6IjE4NDMifX0=@&#8221; border_radii=&#8221;on|10px|10px|10px|10px&#8221; box_shadow_style=&#8221;preset2&#8243; locked=&#8221;off&#8221; global_colors_info=&#8221;{}&#8221;]<\/p>\n<p>Chcesz pom\u00f3c? Zapraszamy<\/p>\n<p>[\/et_pb_blurb][et_pb_blurb title=&#8221;Sukcesy uczni\u00f3w&#8221; _builder_version=&#8221;4.18.0&#8243; _dynamic_attributes=&#8221;link_option_url&#8221; header_font=&#8221;Rubik|700||on|||||&#8221; header_text_color=&#8221;#000000&#8243; header_font_size=&#8221;12px&#8221; header_letter_spacing=&#8221;3px&#8221; header_line_height=&#8221;1.5em&#8221; body_font=&#8221;Rubik||||||||&#8221; body_text_color=&#8221;#000000&#8243; body_font_size=&#8221;12px&#8221; body_letter_spacing=&#8221;1px&#8221; body_line_height=&#8221;2em&#8221; background_color=&#8221;#FFF347&#8243; background_layout=&#8221;dark&#8221; custom_margin=&#8221;||10px|&#8221; custom_padding=&#8221;14px|20px|14px|20px|true|true&#8221; animation_style=&#8221;zoom&#8221; animation_intensity_zoom=&#8221;10%&#8221; link_option_url=&#8221;@ET-DC@eyJkeW5hbWljIjp0cnVlLCJjb250ZW50IjoicG9zdF9saW5rX3VybF9wYWdlIiwic2V0dGluZ3MiOnsicG9zdF9pZCI6IjE4NTUifX0=@&#8221; border_radii=&#8221;on|10px|10px|10px|10px&#8221; box_shadow_style=&#8221;preset2&#8243; locked=&#8221;off&#8221; global_colors_info=&#8221;{}&#8221;]<\/p>\n<p>Jeste\u015bmy dumni z naszych uczni\u00f3w<\/p>\n<p>[\/et_pb_blurb][et_pb_blurb title=&#8221;Biblioteka&#8221; _builder_version=&#8221;4.18.0&#8243; _dynamic_attributes=&#8221;link_option_url&#8221; header_font=&#8221;Rubik|700||on|||||&#8221; header_text_color=&#8221;#000000&#8243; header_font_size=&#8221;12px&#8221; header_letter_spacing=&#8221;3px&#8221; header_line_height=&#8221;1.5em&#8221; body_font=&#8221;Rubik||||||||&#8221; body_text_color=&#8221;#000000&#8243; body_font_size=&#8221;12px&#8221; body_letter_spacing=&#8221;1px&#8221; body_line_height=&#8221;2em&#8221; background_color=&#8221;#D6D6D6&#8243; background_layout=&#8221;dark&#8221; custom_margin=&#8221;||11px||false|false&#8221; custom_padding=&#8221;14px|20px|14px|20px|true|true&#8221; animation_style=&#8221;zoom&#8221; animation_intensity_zoom=&#8221;10%&#8221; link_option_url=&#8221;@ET-DC@eyJkeW5hbWljIjp0cnVlLCJjb250ZW50IjoicG9zdF9saW5rX3VybF9wYWdlIiwic2V0dGluZ3MiOnsicG9zdF9pZCI6IjE4NzAifX0=@&#8221; border_radii=&#8221;on|10px|10px|10px|10px&#8221; box_shadow_style=&#8221;preset2&#8243; locked=&#8221;off&#8221; global_colors_info=&#8221;{}&#8221;]<\/p>\n<p>Zasady pracy<\/p>\n<p>[\/et_pb_blurb][et_pb_blurb title=&#8221;godziny pracy specjalist\u00f3w&#8221; _builder_version=&#8221;4.18.0&#8243; _dynamic_attributes=&#8221;link_option_url&#8221; header_font=&#8221;Rubik|700||on|||||&#8221; header_text_color=&#8221;rgba(255,255,255,0.5)&#8221; header_font_size=&#8221;12px&#8221; header_letter_spacing=&#8221;3px&#8221; body_font=&#8221;Rubik||||||||&#8221; body_font_size=&#8221;12px&#8221; body_letter_spacing=&#8221;1px&#8221; body_line_height=&#8221;1.5em&#8221; background_color=&#8221;#0047E0&#8243; background_layout=&#8221;dark&#8221; custom_margin=&#8221;||10px|&#8221; custom_padding=&#8221;14px|20px|14px|20px|true|true&#8221; link_option_url=&#8221;@ET-DC@eyJkeW5hbWljIjp0cnVlLCJjb250ZW50IjoicG9zdF9saW5rX3VybF9wYWdlIiwic2V0dGluZ3MiOnsicG9zdF9pZCI6IjE4ODMifX0=@&#8221; border_radii=&#8221;on|10px|10px|10px|10px&#8221; box_shadow_style=&#8221;preset2&#8243; locked=&#8221;off&#8221; global_colors_info=&#8221;{}&#8221;]<\/p>\n<p>Harmonogram<\/p>\n<p>[\/et_pb_blurb][et_pb_blurb title=&#8221;dokumenty&#8221; _builder_version=&#8221;4.18.0&#8243; _dynamic_attributes=&#8221;link_option_url&#8221; header_font=&#8221;Rubik|700||on|||||&#8221; header_text_color=&#8221;#000000&#8243; header_font_size=&#8221;12px&#8221; header_letter_spacing=&#8221;3px&#8221; header_line_height=&#8221;1.5em&#8221; body_font=&#8221;Rubik||||||||&#8221; body_text_color=&#8221;#000000&#8243; body_font_size=&#8221;12px&#8221; body_letter_spacing=&#8221;1px&#8221; body_line_height=&#8221;2em&#8221; background_color=&#8221;#FFF347&#8243; background_layout=&#8221;dark&#8221; custom_margin=&#8221;||10px|&#8221; custom_padding=&#8221;14px|20px|14px|20px|true|true&#8221; animation_style=&#8221;zoom&#8221; animation_intensity_zoom=&#8221;10%&#8221; link_option_url=&#8221;@ET-DC@eyJkeW5hbWljIjp0cnVlLCJjb250ZW50IjoicG9zdF9saW5rX3VybF9wYWdlIiwic2V0dGluZ3MiOnsicG9zdF9pZCI6IjE5MDAifX0=@&#8221; border_radii=&#8221;on|10px|10px|10px|10px&#8221; box_shadow_style=&#8221;preset2&#8243; locked=&#8221;off&#8221; global_colors_info=&#8221;{}&#8221;]<\/p>\n<p>pliki do pobrania<\/p>\n<p>[\/et_pb_blurb][et_pb_blurb title=&#8221;zaj\u0119cia pozalekcyjne&#8221; _builder_version=&#8221;4.18.0&#8243; _dynamic_attributes=&#8221;link_option_url&#8221; header_font=&#8221;Rubik|700||on|||||&#8221; header_text_color=&#8221;#000000&#8243; header_font_size=&#8221;12px&#8221; header_letter_spacing=&#8221;3px&#8221; header_line_height=&#8221;1.5em&#8221; body_font=&#8221;Rubik||||||||&#8221; body_text_color=&#8221;#000000&#8243; body_font_size=&#8221;12px&#8221; body_letter_spacing=&#8221;1px&#8221; body_line_height=&#8221;2em&#8221; background_color=&#8221;#D6D6D6&#8243; background_layout=&#8221;dark&#8221; custom_margin=&#8221;||11px||false|false&#8221; custom_padding=&#8221;14px|20px|14px|20px|true|true&#8221; animation_style=&#8221;zoom&#8221; animation_intensity_zoom=&#8221;10%&#8221; link_option_url=&#8221;@ET-DC@eyJkeW5hbWljIjp0cnVlLCJjb250ZW50IjoicG9zdF9saW5rX3VybF9wYWdlIiwic2V0dGluZ3MiOnsicG9zdF9pZCI6IjE5MTcifX0=@&#8221; border_radii=&#8221;on|10px|10px|10px|10px&#8221; box_shadow_style=&#8221;preset2&#8243; locked=&#8221;off&#8221; global_colors_info=&#8221;{}&#8221;]<\/p>\n<p>Oferta dodatkowych zaj\u0119\u0107<\/p>\n<p>[\/et_pb_blurb][et_pb_blurb title=&#8221;informacje dla rodzic\u00f3w&#8221; _builder_version=&#8221;4.18.0&#8243; _dynamic_attributes=&#8221;link_option_url&#8221; header_font=&#8221;Rubik|700||on|||||&#8221; header_text_color=&#8221;rgba(255,255,255,0.5)&#8221; header_font_size=&#8221;12px&#8221; header_letter_spacing=&#8221;3px&#8221; body_font=&#8221;Rubik||||||||&#8221; body_font_size=&#8221;12px&#8221; body_letter_spacing=&#8221;1px&#8221; body_line_height=&#8221;1.5em&#8221; background_color=&#8221;#0047E0&#8243; background_layout=&#8221;dark&#8221; custom_margin=&#8221;||10px|&#8221; custom_padding=&#8221;14px|20px|14px|20px|true|true&#8221; link_option_url=&#8221;@ET-DC@eyJkeW5hbWljIjp0cnVlLCJjb250ZW50IjoicG9zdF9saW5rX3VybF9wYWdlIiwic2V0dGluZ3MiOnsicG9zdF9pZCI6IjE5MzUifX0=@&#8221; border_radii=&#8221;on|10px|10px|10px|10px&#8221; box_shadow_style=&#8221;preset2&#8243; locked=&#8221;off&#8221; global_colors_info=&#8221;{}&#8221;]<\/p>\n<p>Organizacja pracy szko\u0142y<\/p>\n<p>[\/et_pb_blurb][et_pb_blurb title=&#8221;samorz\u0105d uczniowski&#8221; _builder_version=&#8221;4.18.0&#8243; _dynamic_attributes=&#8221;link_option_url&#8221; header_font=&#8221;Rubik|700||on|||||&#8221; header_text_color=&#8221;#000000&#8243; header_font_size=&#8221;12px&#8221; header_letter_spacing=&#8221;3px&#8221; header_line_height=&#8221;1.5em&#8221; body_font=&#8221;Rubik||||||||&#8221; body_text_color=&#8221;#000000&#8243; body_font_size=&#8221;12px&#8221; body_letter_spacing=&#8221;1px&#8221; body_line_height=&#8221;2em&#8221; background_color=&#8221;#FFF347&#8243; background_layout=&#8221;dark&#8221; custom_margin=&#8221;||10px|&#8221; custom_padding=&#8221;14px|20px|14px|20px|true|true&#8221; animation_style=&#8221;zoom&#8221; animation_intensity_zoom=&#8221;10%&#8221; link_option_url=&#8221;@ET-DC@eyJkeW5hbWljIjp0cnVlLCJjb250ZW50IjoicG9zdF9saW5rX3VybF9wYWdlIiwic2V0dGluZ3MiOnsicG9zdF9pZCI6IjE5NTQifX0=@&#8221; border_radii=&#8221;on|10px|10px|10px|10px&#8221; box_shadow_style=&#8221;preset2&#8243; locked=&#8221;off&#8221; global_colors_info=&#8221;{}&#8221;]<\/p>\n<p>sk\u0142ad, zadania, projekty<\/p>\n<p>[\/et_pb_blurb][et_pb_blurb title=&#8221;rada rodzic\u00f3w&#8221; _builder_version=&#8221;4.18.0&#8243; _dynamic_attributes=&#8221;link_option_url&#8221; header_font=&#8221;Rubik|700||on|||||&#8221; header_text_color=&#8221;#000000&#8243; header_font_size=&#8221;12px&#8221; header_letter_spacing=&#8221;3px&#8221; header_line_height=&#8221;1.5em&#8221; body_font=&#8221;Rubik||||||||&#8221; body_text_color=&#8221;#000000&#8243; body_font_size=&#8221;12px&#8221; body_letter_spacing=&#8221;1px&#8221; body_line_height=&#8221;2em&#8221; background_color=&#8221;#D6D6D6&#8243; background_layout=&#8221;dark&#8221; custom_margin=&#8221;||11px||false|false&#8221; custom_padding=&#8221;14px|20px|14px|20px|true|true&#8221; animation_style=&#8221;zoom&#8221; animation_intensity_zoom=&#8221;10%&#8221; link_option_url=&#8221;@ET-DC@eyJkeW5hbWljIjp0cnVlLCJjb250ZW50IjoicG9zdF9saW5rX3VybF9wYWdlIiwic2V0dGluZ3MiOnsicG9zdF9pZCI6IjE5NzUifX0=@&#8221; border_radii=&#8221;on|10px|10px|10px|10px&#8221; box_shadow_style=&#8221;preset2&#8243; locked=&#8221;off&#8221; global_colors_info=&#8221;{}&#8221;]<\/p>\n<p>numer konta bankowego, sk\u0142ad, rozliczenia<\/p>\n<p>[\/et_pb_blurb][et_pb_blurb title=&#8221;jad\u0142ospis&#8221; _builder_version=&#8221;4.18.0&#8243; _dynamic_attributes=&#8221;link_option_url&#8221; header_font=&#8221;Rubik|700||on|||||&#8221; header_text_color=&#8221;rgba(255,255,255,0.5)&#8221; header_font_size=&#8221;12px&#8221; header_letter_spacing=&#8221;3px&#8221; body_font=&#8221;Rubik||||||||&#8221; body_font_size=&#8221;12px&#8221; body_letter_spacing=&#8221;1px&#8221; body_line_height=&#8221;1.5em&#8221; background_color=&#8221;#0047E0&#8243; background_layout=&#8221;dark&#8221; custom_margin=&#8221;||10px|&#8221; custom_padding=&#8221;14px|20px|14px|20px|true|true&#8221; link_option_url=&#8221;@ET-DC@eyJkeW5hbWljIjp0cnVlLCJjb250ZW50IjoicG9zdF9saW5rX3VybF9wYWdlIiwic2V0dGluZ3MiOnsicG9zdF9pZCI6IjQ2OCJ9fQ==@&#8221; border_radii=&#8221;on|10px|10px|10px|10px&#8221; box_shadow_style=&#8221;preset2&#8243; locked=&#8221;off&#8221; global_colors_info=&#8221;{}&#8221;][\/et_pb_blurb][et_pb_blurb title=&#8221;projekty&#8221; _builder_version=&#8221;4.18.0&#8243; header_font=&#8221;Rubik|700||on|||||&#8221; header_text_color=&#8221;#000000&#8243; header_font_size=&#8221;12px&#8221; header_letter_spacing=&#8221;3px&#8221; header_line_height=&#8221;1.5em&#8221; body_font=&#8221;Rubik||||||||&#8221; body_text_color=&#8221;#000000&#8243; body_font_size=&#8221;12px&#8221; body_letter_spacing=&#8221;1px&#8221; body_line_height=&#8221;2em&#8221; background_color=&#8221;#FFF347&#8243; background_layout=&#8221;dark&#8221; custom_margin=&#8221;||10px|&#8221; custom_padding=&#8221;14px|20px|14px|20px|true|true&#8221; animation_style=&#8221;zoom&#8221; animation_intensity_zoom=&#8221;10%&#8221; link_option_url=&#8221;http:\/\/zsp5.zory.pl\/?page_id=2047&#8243; border_radii=&#8221;on|10px|10px|10px|10px&#8221; box_shadow_style=&#8221;preset2&#8243; locked=&#8221;off&#8221; global_colors_info=&#8221;{}&#8221;][\/et_pb_blurb][\/et_pb_column][et_pb_column type=&#8221;1_2&#8243; specialty_columns=&#8221;2&#8243; _builder_version=&#8221;4.16&#8243; custom_padding=&#8221;|||&#8221; global_colors_info=&#8221;{}&#8221; custom_padding__hover=&#8221;|||&#8221;][et_pb_row_inner _builder_version=&#8221;4.18.0&#8243; _module_preset=&#8221;default&#8221; global_colors_info=&#8221;{}&#8221;][et_pb_column_inner saved_specialty_column_type=&#8221;1_2&#8243; _builder_version=&#8221;4.18.0&#8243; _module_preset=&#8221;default&#8221; global_colors_info=&#8221;{}&#8221;][et_pb_blog include_categories=&#8221;179&#8243; meta_date=&#8221;j M Y&#8221; show_categories=&#8221;off&#8221; _builder_version=&#8221;4.18.0&#8243; _module_preset=&#8221;default&#8221; header_font=&#8221;Unna|700|||||||&#8221; header_text_color=&#8221;#001E6B&#8221; header_letter_spacing=&#8221;1px&#8221; meta_font=&#8221;|700||on|||||&#8221; meta_text_color=&#8221;#afafaf&#8221; meta_font_size=&#8221;11px&#8221; meta_letter_spacing=&#8221;1px&#8221; custom_margin=&#8221;||||false|false&#8221; custom_padding=&#8221;||||false|false&#8221; border_width_all=&#8221;0px&#8221; global_colors_info=&#8221;{}&#8221;][\/et_pb_blog][\/et_pb_column_inner][\/et_pb_row_inner][\/et_pb_column][et_pb_column type=&#8221;1_4&#8243; _builder_version=&#8221;4.16&#8243; custom_padding=&#8221;|||&#8221; global_colors_info=&#8221;{}&#8221; custom_padding__hover=&#8221;|||&#8221;][et_pb_social_media_follow admin_label=&#8221;Social Media Follow&#8221; _builder_version=&#8221;4.22.2&#8243; border_radii=&#8221;on|34px|34px|34px|34px&#8221; locked=&#8221;off&#8221; global_colors_info=&#8221;{}&#8221;][et_pb_social_media_follow_network social_network=&#8221;facebook&#8221; url=&#8221;https:\/\/www.facebook.com\/profile.php?id=100085906780262&#8243; _builder_version=&#8221;4.18.0&#8243; background_color=&#8221;#3b5998&#8243; custom_padding=&#8221;6px|6px|6px|6px|true|true&#8221; border_radii=&#8221;on|10px|10px|10px|10px&#8221; global_colors_info=&#8221;{}&#8221; follow_button=&#8221;off&#8221; url_new_window=&#8221;on&#8221;]facebook[\/et_pb_social_media_follow_network][\/et_pb_social_media_follow][\/et_pb_column][\/et_pb_section]<\/p>\n","protected":false},"excerpt":{"rendered":"<p>Historia Zespo\u0142u Szkolno-Przedszkolnego nr 5Informacje, wydarzenia, zaproszeniaKadra pedagogiczna naszej szko\u0142y2025 \/ 2026Zasady pracyChcesz pom\u00f3c? ZapraszamyJeste\u015bmy dumni z naszych uczni\u00f3wZasady pracyHarmonogrampliki do pobraniaOferta dodatkowych zaj\u0119\u0107Organizacja pracy szko\u0142ysk\u0142ad, zadania, projektynumer konta bankowego, sk\u0142ad, rozliczenia<\/p>\n","protected":false},"author":2,"featured_media":0,"parent":0,"menu_order":0,"comment_status":"closed","ping_status":"closed","template":"","meta":{"_et_pb_use_builder":"on","_et_pb_old_content":"","_et_gb_content_width":"","_mc_calendar":[],"footnotes":""},"class_list":["post-1855","page","type-page","status-publish","hentry"],"_links":{"self":[{"href":"https:\/\/zsp5.zory.pl\/index.php?rest_route=\/wp\/v2\/pages\/1855","targetHints":{"allow":["GET"]}}],"collection":[{"href":"https:\/\/zsp5.zory.pl\/index.php?rest_route=\/wp\/v2\/pages"}],"about":[{"href":"https:\/\/zsp5.zory.pl\/index.php?rest_route=\/wp\/v2\/types\/page"}],"author":[{"embeddable":true,"href":"https:\/\/zsp5.zory.pl\/index.php?rest_route=\/wp\/v2\/users\/2"}],"replies":[{"embeddable":true,"href":"https:\/\/zsp5.zory.pl\/index.php?rest_route=%2Fwp%2Fv2%2Fcomments&post=1855"}],"version-history":[{"count":20,"href":"https:\/\/zsp5.zory.pl\/index.php?rest_route=\/wp\/v2\/pages\/1855\/revisions"}],"predecessor-version":[{"id":1086730,"href":"https:\/\/zsp5.zory.pl\/index.php?rest_route=\/wp\/v2\/pages\/1855\/revisions\/1086730"}],"wp:attachment":[{"href":"https:\/\/zsp5.zory.pl\/index.php?rest_route=%2Fwp%2Fv2%2Fmedia&parent=1855"}],"curies":[{"name":"wp","href":"https:\/\/api.w.org\/{rel}","templated":true}]}}