{"id":1329,"date":"2022-08-07T20:55:08","date_gmt":"2022-08-07T18:55:08","guid":{"rendered":"http:\/\/zsp5.zory.pl\/?page_id=1329"},"modified":"2022-11-08T20:35:23","modified_gmt":"2022-11-08T19:35:23","slug":"sp5_kadra-pedagogiczna","status":"publish","type":"page","link":"https:\/\/zsp5.zory.pl\/?page_id=1329","title":{"rendered":"SP5_kadra pedagogiczna"},"content":{"rendered":"<p>[et_pb_section fb_built=&#8221;1&#8243; admin_label=&#8221;Header&#8221; _builder_version=&#8221;4.16&#8243; _module_preset=&#8221;default&#8221; background_color=&#8221;#0f393b&#8221; custom_padding=&#8221;0vw||||false|false&#8221; border_radii=&#8221;off|||20px|20px&#8221; locked=&#8221;off&#8221; global_colors_info=&#8221;{}&#8221;][et_pb_row column_structure=&#8221;1_2,1_2&#8243; _builder_version=&#8221;4.16&#8243; _module_preset=&#8221;default&#8221; custom_padding=&#8221;||7px|||&#8221; global_colors_info=&#8221;{}&#8221;][et_pb_column type=&#8221;1_2&#8243; _builder_version=&#8221;4.16&#8243; _module_preset=&#8221;default&#8221; global_colors_info=&#8221;{}&#8221;][et_pb_text _builder_version=&#8221;4.16&#8243; _module_preset=&#8221;e864d11f-3dab-4fa3-ac06-4f0e1a260807&#8243; header_font=&#8221;DM Sans||||||||&#8221; header_text_color=&#8221;#FFFFFF&#8221; header_font_size=&#8221;64px&#8221; header_letter_spacing=&#8221;-0.02em&#8221; header_line_height=&#8221;1.15em&#8221; custom_margin=&#8221;||16px||false|false&#8221; custom_padding=&#8221;30px|||||&#8221; header_font_size_tablet=&#8221;40px&#8221; header_font_size_phone=&#8221;24px&#8221; header_font_size_last_edited=&#8221;on|desktop&#8221; locked=&#8221;off&#8221; global_colors_info=&#8221;{}&#8221;]<\/p>\n<h1>Kadra pedagogiczna<\/h1>\n<p>[\/et_pb_text][et_pb_text _builder_version=&#8221;4.17.6&#8243; _module_preset=&#8221;41d5859c-fbaa-458a-88e4-5d886857f235&#8243; text_font=&#8221;Open Sans||||||||&#8221; text_text_color=&#8221;#F2EBE4&#8243; text_font_size=&#8221;18px&#8221; text_line_height=&#8221;1.8em&#8221; text_font_size_tablet=&#8221;16px&#8221; text_font_size_phone=&#8221;14px&#8221; text_font_size_last_edited=&#8221;on|phone&#8221; locked=&#8221;off&#8221; global_colors_info=&#8221;{}&#8221;]<\/p>\n<p>Przedstawiamy kadr\u0119 pedagogiczn\u0105 Szko\u0142y Podstawowej nr 5 w \u017borach.<\/p>\n<p>[\/et_pb_text][\/et_pb_column][et_pb_column type=&#8221;1_2&#8243; _builder_version=&#8221;4.16&#8243; _module_preset=&#8221;default&#8221; global_colors_info=&#8221;{}&#8221;][et_pb_image src=&#8221;http:\/\/zsp5.zory.pl\/wp-content\/uploads\/2022\/08\/kadra.png&#8221; alt=&#8221;Grupka przedszkolak\u00f3w trzymaj\u0105cych si\u0119 za r\u0119ce i weso\u0142o podskakuj\u0105cych razem z Pani\u0105&#8221; title_text=&#8221;kadra&#8221; _builder_version=&#8221;4.17.6&#8243; _module_preset=&#8221;default&#8221; width=&#8221;53%&#8221; module_alignment=&#8221;center&#8221; custom_padding=&#8221;||0px|||&#8221; global_colors_info=&#8221;{}&#8221;][\/et_pb_image][\/et_pb_column][\/et_pb_row][\/et_pb_section][et_pb_section fb_built=&#8221;1&#8243; admin_label=&#8221;Cards&#8221; _builder_version=&#8221;4.16&#8243; _module_preset=&#8221;default&#8221; background_color=&#8221;#f5f3ee&#8221; custom_padding=&#8221;||29px|||&#8221; global_colors_info=&#8221;{}&#8221;][et_pb_row make_equal=&#8221;on&#8221; _builder_version=&#8221;4.16&#8243; _module_preset=&#8221;default&#8221; custom_margin=&#8221;-120px||||false|false&#8221; global_colors_info=&#8221;{}&#8221;][et_pb_column type=&#8221;4_4&#8243; _builder_version=&#8221;4.16&#8243; _module_preset=&#8221;default&#8221; background_color=&#8221;#ef8451&#8243; background_enable_image=&#8221;off&#8221; background_size=&#8221;initial&#8221; background_position=&#8221;center_right&#8221; custom_padding=&#8221;50px|40px|50px|40px|true|false&#8221; custom_padding_tablet=&#8221;30px|30px|30px|30px|true|true&#8221; custom_padding_phone=&#8221;30px|20px|30px|20px|true|true&#8221; custom_padding_last_edited=&#8221;on|phone&#8221; border_radii=&#8221;on|20px|20px|20px|20px&#8221; global_colors_info=&#8221;{}&#8221;][et_pb_text _builder_version=&#8221;4.17.6&#8243; _module_preset=&#8221;534cc526-6274-4e31-9e1a-7f18a5947bf1&#8243; header_4_font=&#8221;DM Sans|700||on|||||&#8221; header_4_text_align=&#8221;left&#8221; header_4_text_color=&#8221;#093532&#8243; header_4_font_size=&#8221;14px&#8221; header_4_letter_spacing=&#8221;1px&#8221; header_4_line_height=&#8221;1.5em&#8221; custom_margin=&#8221;||0px||false|false&#8221; header_4_font_size_tablet=&#8221;14px&#8221; header_4_font_size_phone=&#8221;&#8221; header_4_font_size_last_edited=&#8221;on|tablet&#8221; locked=&#8221;off&#8221; global_colors_info=&#8221;{}&#8221;]<\/p>\n<h4>KADRA PEDAGOGICZNA<\/h4>\n<p>[\/et_pb_text][et_pb_text _builder_version=&#8221;4.18.0&#8243; _module_preset=&#8221;df96b77a-cd4f-44a8-a771-2d6347592b53&#8243; text_font=&#8221;Open Sans||||||||&#8221; text_text_color=&#8221;#000000&#8243; header_2_font=&#8221;DM Sans||||||||&#8221; header_2_text_align=&#8221;left&#8221; header_2_text_color=&#8221;#FFFFFF&#8221; header_2_font_size=&#8221;50px&#8221; header_2_letter_spacing=&#8221;-0.02em&#8221; header_2_line_height=&#8221;1.15em&#8221; header_2_font_size_tablet=&#8221;32px&#8221; header_2_font_size_phone=&#8221;20px&#8221; header_2_font_size_last_edited=&#8221;on|desktop&#8221; locked=&#8221;off&#8221; global_colors_info=&#8221;{}&#8221;]<\/p>\n<table width=\"100%\" cellspacing=\"0\" cellpadding=\"4\">\n<tbody>\n<tr>\n<td>\n<p><strong>Dyrektor:<\/strong><\/p>\n<\/td>\n<td>\n<p><strong>mgr Renata Ga\u0142u\u017cna<\/strong><\/p>\n<\/td>\n<\/tr>\n<tr>\n<td>\n<p><strong>Wicedyrektorzy:<\/strong><\/p>\n<\/td>\n<td>\n<p><strong>mgr Aneta Sobaszek<\/strong><\/p>\n<p><strong>mgr Wioleta Tobiasz<\/strong><\/p>\n<\/td>\n<\/tr>\n<tr valign=\"top\">\n<td width=\"50%\">\n<p>Nauczany przedmiot<\/p>\n<\/td>\n<td width=\"50%\">\n<p>Imi\u0119 i nazwisko nauczyciela<\/p>\n<\/td>\n<\/tr>\n<tr valign=\"top\">\n<td rowspan=\"6\" width=\"50%\">\n<p>edukacja wczesnoszkolna<\/p>\n<\/td>\n<td width=\"50%\">\n<p>mgr Magdalena Chodun<\/p>\n<\/td>\n<\/tr>\n<tr valign=\"top\">\n<td width=\"50%\">\n<p>mgr Sylwia Leszczy\u0144ska &#8211; Pyrek<\/p>\n<\/td>\n<\/tr>\n<tr valign=\"top\">\n<td width=\"50%\">\n<p>mgr Ma\u0142gorzata Mincer<\/p>\n<\/td>\n<\/tr>\n<tr valign=\"top\">\n<td width=\"50%\">\n<p>mgr Barbara Owczarek<\/p>\n<\/td>\n<\/tr>\n<tr valign=\"top\">\n<td width=\"50%\">\n<p>mgr Monika Sapieha<\/p>\n<\/td>\n<\/tr>\n<tr valign=\"top\">\n<td width=\"50%\">\n<p>mgr Agnieszka Wala<\/p>\n<\/td>\n<\/tr>\n<tr valign=\"top\">\n<td rowspan=\"3\" width=\"50%\">\n<p>j\u0119zyk polski<\/p>\n<\/td>\n<td width=\"50%\">\n<p>mgr El\u017cbieta Krakowiak<\/p>\n<\/td>\n<\/tr>\n<tr valign=\"top\">\n<td width=\"50%\">\n<p>mgr Sabina Wi\u015bniewska<\/p>\n<\/td>\n<\/tr>\n<tr valign=\"top\">\n<td width=\"50%\">\n<p>mgr Agnieszka Wala<\/p>\n<\/td>\n<\/tr>\n<tr valign=\"top\">\n<td rowspan=\"2\" width=\"50%\">\n<p>j\u0119zyk angielski<\/p>\n<\/td>\n<td width=\"50%\">\n<p>mgr Katarzyna Buczek<\/p>\n<\/td>\n<\/tr>\n<tr valign=\"top\">\n<td width=\"50%\">\n<p>mgr Ewa Bywalec<\/p>\n<\/td>\n<\/tr>\n<tr valign=\"top\">\n<td width=\"50%\">\n<p>j\u0119zyk niemiecki<\/p>\n<\/td>\n<td width=\"50%\">\n<p>mgr Ma\u0142gorzata Ma\u0144ka<\/p>\n<\/td>\n<\/tr>\n<tr valign=\"top\">\n<td width=\"50%\">\n<p>historia\/ wiedza o spo\u0142ecze\u0144stwie\/Dzieje \u017bor<\/p>\n<\/td>\n<td width=\"50%\">\n<p>mgr Agnieszka Jarosz<\/p>\n<\/td>\n<\/tr>\n<tr valign=\"top\">\n<td width=\"50%\">\n<p>przyroda<\/p>\n<\/td>\n<td width=\"50%\">\n<p>mgr Ma\u0142gorzata Mincer<\/p>\n<\/td>\n<\/tr>\n<tr valign=\"top\">\n<td width=\"50%\">\n<p>geografia<\/p>\n<\/td>\n<td width=\"50%\">\n<p>mgr Marzena \u0141yp<\/p>\n<\/td>\n<\/tr>\n<tr valign=\"top\">\n<td width=\"50%\">\n<p>biologia\/ chemia<\/p>\n<\/td>\n<td width=\"50%\">\n<p>mgr Pawe\u0142 Gam\u017ca<\/p>\n<\/td>\n<\/tr>\n<tr valign=\"top\">\n<td rowspan=\"3\" width=\"50%\">\n<p>matematyka<\/p>\n<\/td>\n<td width=\"50%\">\n<p>mgr in\u017c. Ma\u0142gorzata Lajdamik<\/p>\n<\/td>\n<\/tr>\n<tr valign=\"top\">\n<td width=\"50%\">\n<p>mgr Aneta Sobaszek<\/p>\n<\/td>\n<\/tr>\n<tr valign=\"top\">\n<td width=\"50%\">\n<p>mgr Beata Widenka<\/p>\n<\/td>\n<\/tr>\n<tr valign=\"top\">\n<td width=\"50%\">\n<p>fizyka<\/p>\n<\/td>\n<td width=\"50%\">\n<p>mgr Aneta Sobaszek<\/p>\n<\/td>\n<\/tr>\n<tr valign=\"top\">\n<td width=\"50%\">\n<p>informatyka<\/p>\n<\/td>\n<td width=\"50%\">\n<p>mgr Beata Widenka<\/p>\n<\/td>\n<\/tr>\n<tr valign=\"top\">\n<td width=\"50%\">\n<p>edukacja dla bezpiecze\u0144stwa<\/p>\n<\/td>\n<td width=\"50%\">\n<p>mgr \u0141ukasz \u015alosarek<\/p>\n<\/td>\n<\/tr>\n<tr valign=\"top\">\n<td width=\"50%\">\n<p>technika<\/p>\n<\/td>\n<td width=\"50%\">\n<p>mgr in\u017c. Ma\u0142gorzata Lajdamik<\/p>\n<\/td>\n<\/tr>\n<tr valign=\"top\">\n<td width=\"50%\">\n<p>plastyka<\/p>\n<\/td>\n<td width=\"50%\">\n<p>mgr Barbara Owczarek<\/p>\n<\/td>\n<\/tr>\n<tr valign=\"top\">\n<td width=\"50%\">\n<p>muzyka<\/p>\n<\/td>\n<td width=\"50%\">\n<p>mgr Marek Ludwik<\/p>\n<\/td>\n<\/tr>\n<tr valign=\"top\">\n<td width=\"50%\">\n<p>wychowanie do \u017cycia w rodzinie<\/p>\n<\/td>\n<td width=\"50%\">\n<p>mgr Anna Gaszka<\/p>\n<\/td>\n<\/tr>\n<tr valign=\"top\">\n<td rowspan=\"2\" width=\"50%\">\n<p>wychowanie fizyczne<\/p>\n<\/td>\n<td width=\"50%\">\n<p>mgr Oliwia Muras<\/p>\n<\/td>\n<\/tr>\n<tr valign=\"top\">\n<td width=\"50%\">\n<p>mgr Beata Petakowska<\/p>\n<\/td>\n<\/tr>\n<tr valign=\"top\">\n<td width=\"50%\">\n<p>religia<\/p>\n<\/td>\n<td width=\"50%\">\n<p>mgr Lucyna Mika<\/p>\n<\/td>\n<\/tr>\n<tr valign=\"top\">\n<td width=\"50%\">\n<p>bibliotekarz<\/p>\n<\/td>\n<td width=\"50%\">\n<p>mgr Daria Fizia<\/p>\n<\/td>\n<\/tr>\n<tr valign=\"top\">\n<td width=\"50%\">\n<p>logopeda<\/p>\n<\/td>\n<td width=\"50%\">\n<p>mgr Izabela Gniza &#8211; Szymala<\/p>\n<\/td>\n<\/tr>\n<tr valign=\"top\">\n<td width=\"50%\">\n<p>pedagog szkolny<\/p>\n<\/td>\n<td width=\"50%\">\n<p>mgr Natalia Ko\u015bcielniak<\/p>\n<\/td>\n<\/tr>\n<tr valign=\"top\">\n<td width=\"50%\">\n<p>pedagog specjalny<\/p>\n<\/td>\n<td width=\"50%\">\n<p>mgr Sylwia M\u0105czka<\/p>\n<\/td>\n<\/tr>\n<tr valign=\"top\">\n<td width=\"50%\">\n<p>psycholog<\/p>\n<\/td>\n<td width=\"50%\">\n<p>mgr Adriana Modrzejewska<\/p>\n<\/td>\n<\/tr>\n<tr valign=\"top\">\n<td width=\"50%\">\n<p>oligofrenopedagog<\/p>\n<\/td>\n<td width=\"50%\">\n<p>mgr Marcelina Przesdzink<\/p>\n<\/td>\n<\/tr>\n<tr valign=\"top\">\n<td width=\"50%\">\n<p>surdopedagog<\/p>\n<\/td>\n<td width=\"50%\">\n<p>mgr Justyna Nowak<\/p>\n<\/td>\n<\/tr>\n<tr>\n<td>\n<p>specjalista d\/s spektrum autyzmu<\/p>\n<\/td>\n<td>\n<p>mgr Wioleta Tobiasz<\/p>\n<\/td>\n<\/tr>\n<tr valign=\"top\">\n<td rowspan=\"4\" width=\"50%\">\n<p>wychowawcy \u015bwietlicy<\/p>\n<\/td>\n<td width=\"50%\">\n<p>mgr Renata Ga\u0142u\u017cna<\/p>\n<\/td>\n<\/tr>\n<tr valign=\"top\">\n<td width=\"50%\">\n<p>mgr Natalia Koscielniak<\/p>\n<\/td>\n<\/tr>\n<tr valign=\"top\">\n<td width=\"50%\">\n<p>mgr Ewelina Pustelny<\/p>\n<\/td>\n<\/tr>\n<tr valign=\"top\">\n<td width=\"50%\">\n<p>mgr Mariola Tu\u0142odziecka<\/p>\n<\/td>\n<\/tr>\n<\/tbody>\n<\/table>\n<p>[\/et_pb_text][\/et_pb_column][\/et_pb_row][\/et_pb_section][et_pb_section fb_built=&#8221;1&#8243; admin_label=&#8221;Header&#8221; _builder_version=&#8221;4.17.6&#8243; _module_preset=&#8221;default&#8221; background_color=&#8221;#0f393b&#8221; global_colors_info=&#8221;{}&#8221;][et_pb_row column_structure=&#8221;1_3,1_3,1_3&#8243; make_equal=&#8221;on&#8221; _builder_version=&#8221;4.16&#8243; _module_preset=&#8221;default&#8221; custom_margin=&#8221;|auto|-33px|auto|false|false&#8221; custom_padding=&#8221;0px|||||&#8221; global_colors_info=&#8221;{}&#8221;][et_pb_column type=&#8221;1_3&#8243; _builder_version=&#8221;4.16&#8243; _module_preset=&#8221;default&#8221; background_color=&#8221;#FFFFFF&#8221; custom_padding=&#8221;24px|20px|24px|20px|true|true&#8221; border_radii=&#8221;on|14px|14px|14px|14px&#8221; box_shadow_style=&#8221;preset3&#8243; box_shadow_vertical=&#8221;40px&#8221; box_shadow_blur=&#8221;60px&#8221; box_shadow_spread=&#8221;-10px&#8221; box_shadow_color=&#8221;rgba(3,86,92,0.11)&#8221; global_colors_info=&#8221;{}&#8221;][et_pb_blurb title=&#8221;Email&#8221; image=&#8221;http:\/\/zsp5.zory.pl\/wp-content\/uploads\/2022\/04\/ngo-icon-16.png&#8221; icon_placement=&#8221;left&#8221; image_icon_width=&#8221;80px&#8221; content_max_width=&#8221;100%&#8221; _builder_version=&#8221;4.18.0&#8243; _module_preset=&#8221;79535ac0-1492-4af9-aede-063513b7358b&#8221; header_font=&#8221;DM Sans||||||||&#8221; header_text_color=&#8221;#6b8483&#8243; header_font_size=&#8221;16px&#8221; header_letter_spacing=&#8221;1px&#8221; header_line_height=&#8221;1.3em&#8221; body_font=&#8221;DM Sans|700|||||||&#8221; body_text_color=&#8221;#093532&#8243; body_font_size=&#8221;13px&#8221; body_link_text_color=&#8221;#0F393B&#8221; animation=&#8221;off&#8221; image_max_width=&#8221;80px&#8221; global_colors_info=&#8221;{}&#8221;]<\/p>\n<p><a id=\"link_24\" href=\"mailto:sekretariat@zsp5zory.pl\">sekretariat@zsp5zory.pl<\/a><\/p>\n<p>ePUAP:\u00a0<\/p>\n<p>zsp5baranowice<\/p>\n<p>[\/et_pb_blurb][\/et_pb_column][et_pb_column type=&#8221;1_3&#8243; _builder_version=&#8221;4.16&#8243; _module_preset=&#8221;default&#8221; background_color=&#8221;#FFFFFF&#8221; custom_padding=&#8221;24px|20px|24px|20px|true|true&#8221; border_radii=&#8221;on|14px|14px|14px|14px&#8221; box_shadow_style=&#8221;preset3&#8243; box_shadow_vertical=&#8221;40px&#8221; box_shadow_blur=&#8221;60px&#8221; box_shadow_spread=&#8221;-10px&#8221; box_shadow_color=&#8221;rgba(3,86,92,0.11)&#8221; global_colors_info=&#8221;{}&#8221;][et_pb_blurb title=&#8221;Telefon&#8221; image=&#8221;http:\/\/zsp5.zory.pl\/wp-content\/uploads\/2022\/04\/ngo-icon-18.png&#8221; icon_placement=&#8221;left&#8221; image_icon_width=&#8221;80px&#8221; content_max_width=&#8221;100%&#8221; _builder_version=&#8221;4.16&#8243; _module_preset=&#8221;79535ac0-1492-4af9-aede-063513b7358b&#8221; header_font=&#8221;DM Sans||||||||&#8221; header_text_color=&#8221;#6b8483&#8243; header_font_size=&#8221;16px&#8221; header_letter_spacing=&#8221;1px&#8221; header_line_height=&#8221;1.3em&#8221; body_font=&#8221;DM Sans|700|||||||&#8221; body_text_color=&#8221;#093532&#8243; body_font_size=&#8221;13px&#8221; body_link_text_color=&#8221;#0F393B&#8221; custom_padding=&#8221;||1px|||&#8221; animation=&#8221;off&#8221; image_max_width=&#8221;80px&#8221; locked=&#8221;off&#8221; global_colors_info=&#8221;{}&#8221;]<\/p>\n<p style=\"font-weight: 400;\">(<strong>32) 43 53 677<\/strong><\/p>\n<p style=\"font-weight: 400;\"><strong>605 844 045<\/strong><\/p>\n<p>[\/et_pb_blurb][\/et_pb_column][et_pb_column type=&#8221;1_3&#8243; _builder_version=&#8221;4.16&#8243; _module_preset=&#8221;default&#8221; background_color=&#8221;#FFFFFF&#8221; custom_padding=&#8221;24px|20px|24px|20px|true|true&#8221; border_radii=&#8221;on|14px|14px|14px|14px&#8221; box_shadow_style=&#8221;preset3&#8243; box_shadow_vertical=&#8221;40px&#8221; box_shadow_blur=&#8221;60px&#8221; box_shadow_spread=&#8221;-10px&#8221; box_shadow_color=&#8221;rgba(3,86,92,0.11)&#8221; global_colors_info=&#8221;{}&#8221;][et_pb_blurb title=&#8221;Adres&#8221; image=&#8221;http:\/\/zsp5.zory.pl\/wp-content\/uploads\/2022\/04\/ngo-icon-17.png&#8221; icon_placement=&#8221;left&#8221; image_icon_width=&#8221;80px&#8221; content_max_width=&#8221;100%&#8221; _builder_version=&#8221;4.18.0&#8243; _module_preset=&#8221;79535ac0-1492-4af9-aede-063513b7358b&#8221; header_font=&#8221;DM Sans||||||||&#8221; header_text_color=&#8221;#6b8483&#8243; header_font_size=&#8221;16px&#8221; header_letter_spacing=&#8221;1px&#8221; header_line_height=&#8221;1.3em&#8221; body_font=&#8221;DM Sans|700|||||||&#8221; body_text_color=&#8221;#093532&#8243; body_font_size=&#8221;13px&#8221; body_link_text_color=&#8221;#0F393B&#8221; animation=&#8221;off&#8221; image_max_width=&#8221;80px&#8221; locked=&#8221;off&#8221; global_colors_info=&#8221;{}&#8221;]<\/p>\n<p>Zesp\u00f3\u0142<\/p>\n<p>Szkolno \u2013 Przedszkolny nr 5<span><\/span><\/p>\n<p>Szko\u0142a Podstawowa nr 5<\/p>\n<p><span>44-240 \u017bory, ul. Stra\u017cacka 6<\/span><\/p>\n<p>[\/et_pb_blurb][\/et_pb_column][\/et_pb_row][\/et_pb_section][et_pb_section fb_built=&#8221;1&#8243; admin_label=&#8221;Header&#8221; _builder_version=&#8221;4.17.6&#8243; _module_preset=&#8221;default&#8221; background_color=&#8221;#0f393b&#8221; custom_margin=&#8221;-41px|||||&#8221; global_colors_info=&#8221;{}&#8221;][et_pb_row column_structure=&#8221;1_3,1_3,1_3&#8243; make_equal=&#8221;on&#8221; _builder_version=&#8221;4.16&#8243; _module_preset=&#8221;default&#8221; custom_margin=&#8221;|auto|-33px|auto|false|false&#8221; custom_padding=&#8221;0px|||||&#8221; global_colors_info=&#8221;{}&#8221;][et_pb_column type=&#8221;1_3&#8243; _builder_version=&#8221;4.16&#8243; _module_preset=&#8221;default&#8221; background_color=&#8221;#FFFFFF&#8221; custom_padding=&#8221;24px|20px|24px|20px|true|true&#8221; border_radii=&#8221;on|14px|14px|14px|14px&#8221; box_shadow_style=&#8221;preset3&#8243; box_shadow_vertical=&#8221;40px&#8221; box_shadow_blur=&#8221;60px&#8221; box_shadow_spread=&#8221;-10px&#8221; box_shadow_color=&#8221;rgba(3,86,92,0.11)&#8221; global_colors_info=&#8221;{}&#8221;][et_pb_blurb title=&#8221;Dyrektor&#8221; image=&#8221;http:\/\/zsp5.zory.pl\/wp-content\/uploads\/2022\/04\/ngo-icon-18.png&#8221; icon_placement=&#8221;left&#8221; image_icon_width=&#8221;80px&#8221; content_max_width=&#8221;100%&#8221; _builder_version=&#8221;4.18.0&#8243; _module_preset=&#8221;79535ac0-1492-4af9-aede-063513b7358b&#8221; header_font=&#8221;DM Sans||||||||&#8221; header_text_color=&#8221;#6b8483&#8243; header_font_size=&#8221;16px&#8221; header_letter_spacing=&#8221;1px&#8221; header_line_height=&#8221;1.3em&#8221; body_font=&#8221;DM Sans|700|||||||&#8221; body_text_color=&#8221;#093532&#8243; body_font_size=&#8221;13px&#8221; body_link_text_color=&#8221;#0F393B&#8221; animation=&#8221;off&#8221; image_max_width=&#8221;80px&#8221; global_colors_info=&#8221;{}&#8221;]<\/p>\n<p><strong>mgr <span>Renata Ga\u0142u\u017cna<\/span><\/strong><\/p>\n<p>[\/et_pb_blurb][\/et_pb_column][et_pb_column type=&#8221;1_3&#8243; _builder_version=&#8221;4.16&#8243; _module_preset=&#8221;default&#8221; background_color=&#8221;#FFFFFF&#8221; custom_padding=&#8221;24px|20px|24px|20px|true|true&#8221; border_radii=&#8221;on|14px|14px|14px|14px&#8221; box_shadow_style=&#8221;preset3&#8243; box_shadow_vertical=&#8221;40px&#8221; box_shadow_blur=&#8221;60px&#8221; box_shadow_spread=&#8221;-10px&#8221; box_shadow_color=&#8221;rgba(3,86,92,0.11)&#8221; global_colors_info=&#8221;{}&#8221;][et_pb_blurb title=&#8221;Wicedyrektorzy&#8221; image=&#8221;http:\/\/zsp5.zory.pl\/wp-content\/uploads\/2022\/04\/ngo-icon-18.png&#8221; icon_placement=&#8221;left&#8221; image_icon_width=&#8221;80px&#8221; content_max_width=&#8221;100%&#8221; _builder_version=&#8221;4.18.0&#8243; _module_preset=&#8221;79535ac0-1492-4af9-aede-063513b7358b&#8221; header_font=&#8221;DM Sans||||||||&#8221; header_text_color=&#8221;#6b8483&#8243; header_font_size=&#8221;16px&#8221; header_letter_spacing=&#8221;1px&#8221; header_line_height=&#8221;1.3em&#8221; body_font=&#8221;DM Sans|700|||||||&#8221; body_text_color=&#8221;#093532&#8243; body_font_size=&#8221;13px&#8221; body_link_text_color=&#8221;#0F393B&#8221; animation=&#8221;off&#8221; image_max_width=&#8221;80px&#8221; locked=&#8221;off&#8221; global_colors_info=&#8221;{}&#8221;]<\/p>\n<p style=\"font-weight: 400;\"><strong>mgr Aneta Sobaszek<\/strong><\/p>\n<p>[\/et_pb_blurb][\/et_pb_column][et_pb_column type=&#8221;1_3&#8243; _builder_version=&#8221;4.16&#8243; _module_preset=&#8221;default&#8221; background_color=&#8221;#FFFFFF&#8221; custom_padding=&#8221;24px|20px|24px|20px|true|true&#8221; border_radii=&#8221;on|14px|14px|14px|14px&#8221; box_shadow_style=&#8221;preset3&#8243; box_shadow_vertical=&#8221;40px&#8221; box_shadow_blur=&#8221;60px&#8221; box_shadow_spread=&#8221;-10px&#8221; box_shadow_color=&#8221;rgba(3,86,92,0.11)&#8221; global_colors_info=&#8221;{}&#8221;][et_pb_blurb title=&#8221;Czas pracy&#8221; image=&#8221;http:\/\/zsp5.zory.pl\/wp-content\/uploads\/2022\/04\/ngo-icon-17.png&#8221; icon_placement=&#8221;left&#8221; image_icon_width=&#8221;80px&#8221; content_max_width=&#8221;100%&#8221; _builder_version=&#8221;4.18.0&#8243; _module_preset=&#8221;79535ac0-1492-4af9-aede-063513b7358b&#8221; header_font=&#8221;DM Sans||||||||&#8221; header_text_color=&#8221;#6b8483&#8243; header_font_size=&#8221;16px&#8221; header_letter_spacing=&#8221;1px&#8221; header_line_height=&#8221;1.3em&#8221; body_font=&#8221;DM Sans|700|||||||&#8221; body_text_color=&#8221;#093532&#8243; body_font_size=&#8221;13px&#8221; body_link_text_color=&#8221;#0F393B&#8221; animation=&#8221;off&#8221; image_max_width=&#8221;80px&#8221; locked=&#8221;off&#8221; global_colors_info=&#8221;{}&#8221;]<\/p>\n<p>Szko\u0142a: 6:30- 16:00<\/p>\n<p>Sekretariat: 7:00<span>\u00a0<\/span>\u2013 15:00<\/p>\n<p>[\/et_pb_blurb][\/et_pb_column][\/et_pb_row][\/et_pb_section]<\/p>\n","protected":false},"excerpt":{"rendered":"<p>Kadra pedagogicznaPrzedstawiamy kadr\u0119 pedagogiczn\u0105 Szko\u0142y Podstawowej nr 5 w \u017borach.KADRA PEDAGOGICZNA Dyrektor: mgr Renata Ga\u0142u\u017cna Wicedyrektorzy: mgr Aneta Sobaszek mgr Wioleta Tobiasz Nauczany przedmiot Imi\u0119 i nazwisko nauczyciela edukacja wczesnoszkolna mgr Magdalena Chodun mgr Sylwia Leszczy\u0144ska &#8211; Pyrek mgr Ma\u0142gorzata Mincer mgr Barbara Owczarek mgr Monika Sapieha mgr Agnieszka Wala j\u0119zyk polski mgr El\u017cbieta Krakowiak [&hellip;]<\/p>\n","protected":false},"author":2,"featured_media":0,"parent":0,"menu_order":0,"comment_status":"closed","ping_status":"closed","template":"","meta":{"_et_pb_use_builder":"on","_et_pb_old_content":"","_et_gb_content_width":"","_mc_calendar":[],"footnotes":""},"class_list":["post-1329","page","type-page","status-publish","hentry"],"_links":{"self":[{"href":"https:\/\/zsp5.zory.pl\/index.php?rest_route=\/wp\/v2\/pages\/1329","targetHints":{"allow":["GET"]}}],"collection":[{"href":"https:\/\/zsp5.zory.pl\/index.php?rest_route=\/wp\/v2\/pages"}],"about":[{"href":"https:\/\/zsp5.zory.pl\/index.php?rest_route=\/wp\/v2\/types\/page"}],"author":[{"embeddable":true,"href":"https:\/\/zsp5.zory.pl\/index.php?rest_route=\/wp\/v2\/users\/2"}],"replies":[{"embeddable":true,"href":"https:\/\/zsp5.zory.pl\/index.php?rest_route=%2Fwp%2Fv2%2Fcomments&post=1329"}],"version-history":[{"count":8,"href":"https:\/\/zsp5.zory.pl\/index.php?rest_route=\/wp\/v2\/pages\/1329\/revisions"}],"predecessor-version":[{"id":2489,"href":"https:\/\/zsp5.zory.pl\/index.php?rest_route=\/wp\/v2\/pages\/1329\/revisions\/2489"}],"wp:attachment":[{"href":"https:\/\/zsp5.zory.pl\/index.php?rest_route=%2Fwp%2Fv2%2Fmedia&parent=1329"}],"curies":[{"name":"wp","href":"https:\/\/api.w.org\/{rel}","templated":true}]}}